{"id":1017,"date":"2017-05-26T13:44:45","date_gmt":"2017-05-26T11:44:45","guid":{"rendered":"http:\/\/pedagogika-filozoficzna.eu\/?page_id=1017"},"modified":"2017-05-26T13:49:01","modified_gmt":"2017-05-26T11:49:01","slug":"instrukcja-do-formularza-bibliografii","status":"publish","type":"page","link":"https:\/\/pedagogika-filozoficzna.eu\/?page_id=1017","title":{"rendered":"Instrukcja do Formularza Bibliografii"},"content":{"rendered":"<p style=\"text-align: center;\"><strong>Instrukcja pracy z formularzem<\/strong><\/p>\n<p>Aby umie\u015bci\u0107 publikacj\u0119 w wortalu nale\u017cy wykona\u0107 trzy kroki:<\/p>\n<p><span style=\"color: #0000ff;\"><em><strong>Krok 1<\/strong><\/em><\/span><\/p>\n<p>Na stronie g\u0142\u00f3wnej wortalu nale\u017cy klikn\u0105\u0107 <strong>Formularz bibliografii<\/strong>\u00a0w menu bocznym. W efekcie otworzy si\u0119 czysty formularz, kt\u00f3ry nale\u017cy wype\u0142ni\u0107 zgodnie z zawart\u0105 w nim instrukcj\u0105. Formularz zapami\u0119tuj\u0119 dane osoby wpisuj\u0105cej, st\u0105d ka\u017cdy kolejny wpis jest znacznie szybszy.<\/p>\n<p><em><strong><span style=\"color: #0000ff;\">Krok 2<\/span><\/strong><\/em><\/p>\n<p>Po wype\u0142nieniu formularza nale\u017cy wpisa\u0107 odpowied\u017a na pytanie kontrolne oraz wcisn\u0105\u0107 przycisk <em>Wy\u015blij<\/em>. Wpis bibliograficzny zostanie zapisany w osobnej tabeli. Znajdziemy j\u0105 klikaj\u0105c w menu g\u0142\u00f3wnym <strong>EEPF<\/strong>, a nast\u0119pnie: <strong>Has\u0142a EEPF<\/strong>.<\/p>\n<p><span style=\"color: #0000ff;\"><em><strong>Krok 3<\/strong><\/em><\/span><\/p>\n<p>Na stronie <strong>Has\u0142a EEPF<\/strong> spo\u015br\u00f3d wy\u015bwietlonych liter nale\u017cy klikn\u0105\u0107 liter\u0119 rozpoczynaj\u0105c\u0105 nazwisko Autora tekstu. Nast\u0119pnie klikamy na znajduj\u0105cy si\u0119 tam link \u201eBibliografia autor\u00f3w\u201d i uzyskujemy dost\u0119p do zapisanej pod t\u0105 liter\u0105 bibliografii.<\/p>\n<p>Raz do roku b\u0119dziemy publikowa\u0107 na stronie wortalu zbiorcz\u0105 bibliografi\u0119 wszystkich Autor\u00f3w wpisanych do formularza<\/p>\n","protected":false},"excerpt":{"rendered":"<div class=\"mh-excerpt\"><p>Instrukcja pracy z formularzem Aby umie\u015bci\u0107 publikacj\u0119 w wortalu nale\u017cy wykona\u0107 trzy kroki: Krok 1 Na stronie g\u0142\u00f3wnej wortalu nale\u017cy <a class=\"mh-excerpt-more\" href=\"https:\/\/pedagogika-filozoficzna.eu\/?page_id=1017\" title=\"Instrukcja do Formularza Bibliografii\">[&#8230;]<\/a><\/p>\n<\/div>","protected":false},"author":1,"featured_media":0,"parent":0,"menu_order":0,"comment_status":"closed","ping_status":"closed","template":"","meta":{"footnotes":""},"class_list":["post-1017","page","type-page","status-publish","hentry"],"_links":{"self":[{"href":"https:\/\/pedagogika-filozoficzna.eu\/index.php?rest_route=\/wp\/v2\/pages\/1017","targetHints":{"allow":["GET"]}}],"collection":[{"href":"https:\/\/pedagogika-filozoficzna.eu\/index.php?rest_route=\/wp\/v2\/pages"}],"about":[{"href":"https:\/\/pedagogika-filozoficzna.eu\/index.php?rest_route=\/wp\/v2\/types\/page"}],"author":[{"embeddable":true,"href":"https:\/\/pedagogika-filozoficzna.eu\/index.php?rest_route=\/wp\/v2\/users\/1"}],"replies":[{"embeddable":true,"href":"https:\/\/pedagogika-filozoficzna.eu\/index.php?rest_route=%2Fwp%2Fv2%2Fcomments&post=1017"}],"version-history":[{"count":5,"href":"https:\/\/pedagogika-filozoficzna.eu\/index.php?rest_route=\/wp\/v2\/pages\/1017\/revisions"}],"predecessor-version":[{"id":1023,"href":"https:\/\/pedagogika-filozoficzna.eu\/index.php?rest_route=\/wp\/v2\/pages\/1017\/revisions\/1023"}],"wp:attachment":[{"href":"https:\/\/pedagogika-filozoficzna.eu\/index.php?rest_route=%2Fwp%2Fv2%2Fmedia&parent=1017"}],"curies":[{"name":"wp","href":"https:\/\/api.w.org\/{rel}","templated":true}]}}