{"id":135,"date":"2017-02-21T12:44:16","date_gmt":"2017-02-21T11:44:16","guid":{"rendered":"http:\/\/pedagogika-filozoficzna.eu\/?page_id=135"},"modified":"2017-02-21T13:15:33","modified_gmt":"2017-02-21T12:15:33","slug":"wydawnictwo-chowanna","status":"publish","type":"page","link":"https:\/\/pedagogika-filozoficzna.eu\/?page_id=135","title":{"rendered":"WN TPF &#8222;Chowanna&#8221;"},"content":{"rendered":"<p><img loading=\"lazy\" decoding=\"async\" class=\"alignnone size-full wp-image-152 aligncenter\" src=\"http:\/\/pedagogika-filozoficzna.eu\/wp-content\/uploads\/2017\/02\/logo.png\" alt=\"\" width=\"138\" height=\"194\" \/><\/p>\n<p style=\"text-align: center;\"><a href=\"http:\/\/pedagogika-filozoficzna.eu\/?page_id=143\">Rada naukowa Wydawnictwa<\/a><\/p>\n<p style=\"text-align: center;\"><a href=\"http:\/\/pedagogika-filozoficzna.eu\/?page_id=145\">Redakcja<\/a><\/p>\n<p style=\"text-align: center;\"><a href=\"http:\/\/pedagogika-filozoficzna.eu\/?page_id=149\">Redakcja &#8211; kontakt<\/a><\/p>\n<p style=\"text-align: center;\">Publikacje wydawane mo\u017cna obejrze\u0107 wchodz\u0105c poprzez boczne menu WN TPF &#8222;Chwanna&#8221;<\/p>\n","protected":false},"excerpt":{"rendered":"<div class=\"mh-excerpt\"><p>Rada naukowa Wydawnictwa Redakcja Redakcja &#8211; kontakt Publikacje wydawane mo\u017cna obejrze\u0107 wchodz\u0105c poprzez boczne menu WN TPF &#8222;Chwanna&#8221;<\/p>\n<\/div>","protected":false},"author":1,"featured_media":0,"parent":0,"menu_order":0,"comment_status":"closed","ping_status":"closed","template":"","meta":{"footnotes":""},"class_list":["post-135","page","type-page","status-publish","hentry"],"_links":{"self":[{"href":"https:\/\/pedagogika-filozoficzna.eu\/index.php?rest_route=\/wp\/v2\/pages\/135","targetHints":{"allow":["GET"]}}],"collection":[{"href":"https:\/\/pedagogika-filozoficzna.eu\/index.php?rest_route=\/wp\/v2\/pages"}],"about":[{"href":"https:\/\/pedagogika-filozoficzna.eu\/index.php?rest_route=\/wp\/v2\/types\/page"}],"author":[{"embeddable":true,"href":"https:\/\/pedagogika-filozoficzna.eu\/index.php?rest_route=\/wp\/v2\/users\/1"}],"replies":[{"embeddable":true,"href":"https:\/\/pedagogika-filozoficzna.eu\/index.php?rest_route=%2Fwp%2Fv2%2Fcomments&post=135"}],"version-history":[{"count":6,"href":"https:\/\/pedagogika-filozoficzna.eu\/index.php?rest_route=\/wp\/v2\/pages\/135\/revisions"}],"predecessor-version":[{"id":154,"href":"https:\/\/pedagogika-filozoficzna.eu\/index.php?rest_route=\/wp\/v2\/pages\/135\/revisions\/154"}],"wp:attachment":[{"href":"https:\/\/pedagogika-filozoficzna.eu\/index.php?rest_route=%2Fwp%2Fv2%2Fmedia&parent=135"}],"curies":[{"name":"wp","href":"https:\/\/api.w.org\/{rel}","templated":true}]}}