{"id":1562,"date":"2021-01-29T12:18:15","date_gmt":"2021-01-29T11:18:15","guid":{"rendered":"http:\/\/pedagogika-filozoficzna.eu\/?page_id=1562"},"modified":"2024-10-23T13:08:39","modified_gmt":"2024-10-23T11:08:39","slug":"dziela-bronislawa-f-trentowskiego","status":"publish","type":"page","link":"https:\/\/pedagogika-filozoficzna.eu\/?page_id=1562","title":{"rendered":"Recepcja tw\u00f3rczo\u015bci Bronis\u0142awa F. Trentowskiego"},"content":{"rendered":"\n<div class=\"wp-block-image\"><figure class=\"aligncenter is-resized\"><img loading=\"lazy\" decoding=\"async\" src=\"http:\/\/pedagogika-filozoficzna.eu\/wp-content\/uploads\/2017\/03\/autograf-TRENTA.png\" alt=\"\" class=\"wp-image-367\" width=\"372\" height=\"78\" srcset=\"https:\/\/pedagogika-filozoficzna.eu\/wp-content\/uploads\/2017\/03\/autograf-TRENTA.png 712w, https:\/\/pedagogika-filozoficzna.eu\/wp-content\/uploads\/2017\/03\/autograf-TRENTA-300x63.png 300w\" sizes=\"auto, (max-width: 372px) 100vw, 372px\" \/><\/figure><\/div>\n\n\n\n<ol class=\"wp-block-list\"><li><a rel=\"noreferrer noopener\" aria-label=\"Horodyski - Bronis\u0142aw Trentowski (otwiera si\u0119 na nowej zak\u0142adce)\" href=\"\/\/pedagogika-filozoficzna.eu\/wp-content\/uploads\/2017\/04\/horodyski-1.pdf\" target=\"_blank\">Horodyski &#8211; Bronis\u0142aw Trentowski<\/a><\/li><li><a rel=\"noreferrer noopener\" aria-label=\"Adam Winiarz - Bronis\u0142awa Ferdynanda Trentowskiego \u017cycie i dokonania (otwiera si\u0119 na nowej zak\u0142adce)\" href=\"http:\/\/pedagogika-filozoficzna.eu\/wp-content\/uploads\/2020\/02\/winiarz1.pdf\" target=\"_blank\">Adam Winiarz &#8211; Bronis\u0142awa Ferdynanda Trentowskiego \u017cycie i dokonania<\/a>*<\/li><li><a rel=\"noreferrer noopener\" aria-label=\"Antoni Marian Kurpiel - Autobiografia Bronis\u0142awa Tr\u0119towskiego (otwiera si\u0119 na nowej zak\u0142adce)\" href=\"http:\/\/pedagogika-filozoficzna.eu\/wp-content\/uploads\/2019\/11\/Trentowski_Kurpiel-1.pdf\" target=\"_blank\">Antoni Marian Kurpiel &#8211; Autobiografia Bronis\u0142awa Tr\u0119towskiego<\/a><\/li><li><a rel=\"noreferrer noopener\" aria-label=\"Chowanna (1922) (otwiera si\u0119 na nowej zak\u0142adce)\" href=\"http:\/\/pedagogika-filozoficzna.eu\/wp-content\/uploads\/2021\/01\/Chowanna_1922.pdf\" target=\"_blank\">Chowanna (1922)<\/a><\/li><li><a rel=\"noreferrer noopener\" aria-label=\"Adam Ziele\u0144czyk - filozofia uniwersalna Trentowskiego (otwiera si\u0119 na nowej zak\u0142adce)\" href=\"http:\/\/pedagogika-filozoficzna.eu\/wp-content\/uploads\/2021\/01\/Zielenczyk_filozofia_uniwersalna-Trentowskiego.pdf\" target=\"_blank\">Adam Ziele\u0144czyk &#8211; filozofia uniwersalna Trentowskiego<\/a><\/li><li><a rel=\"noreferrer noopener\" aria-label=\"Henryk Rowid - Podstawy Pedagogiki Trentowskiego (otwiera si\u0119 na nowej zak\u0142adce)\" href=\"http:\/\/pedagogika-filozoficzna.eu\/wp-content\/uploads\/2021\/02\/Rowid.pdf\" target=\"_blank\">Henryk Rowid &#8211; Podstawy Pedagogiki Trentowskiego<\/a><\/li><li><a href=\"https:\/\/open.spotify.com\/episode\/4RV2d3PTJ3VAwEYvX6uonk?si=9FCH9K3kReyVnsEEW-5YwA&amp;nd=1&amp;utm_medium=organic&amp;product=open&amp;%24full_url=https%3A%2F%2Fopen.spotify.com%2Fepisode%2F4RV2d3PTJ3VAwEYvX6uonk%3Fsi%3D9FCH9K3kReyVnsEEW-5YwA&amp;feature=organic&amp;_branch_match_id=1322542034181546460&amp;_branch_referrer=H4sIAAAAAAAAA72NQQrCMBRET5PubLFRQaFI0RbRjYhUXUna%2FtrQmB9%2BEosbz24VvIIwi2Eej2mdM3YRRdagk80zFMaESuouWhrC2lcuQQM6YPGk8UpdPamk%2FSiMpyzOh3xw%2BLMrvA8TGGmxhqFNDkVc8%2F1xy4u0zy6P88yj7hjPrWR8Pc9Xm%2FmOdwd4Ftpm2Wk0vfTp90soVYqq%2B8cfi2e6Hug4aEA4T5Ag3YSWVfAiaIBI6tu1JOwtULJqCe%2FwBrBmsc01AQAA\" target=\"_blank\" rel=\"noreferrer noopener\" aria-label=\"O Bronis\u0142awie Trentowskim - Pogaw\u0119dnik Filozoficzny - podcast (otwiera si\u0119 w nowej zak\u0142adce)\">O Bronis\u0142awie Trentowskim &#8211; Pogaw\u0119dnik Filozoficzny &#8211; podcast<\/a><\/li><\/ol>\n\n\n\n<hr class=\"wp-block-separator is-style-wide\"\/>\n\n\n\n<pre class=\"wp-block-preformatted\">*-Artyku\u0142 zosta\u0142 pierwotnie opublikowany w rozprawie pod red. S. Sztobryna, Dziedzictwo Bronis\u0142awa Ferdynanda Trentowskiego. W 150-lecie \u015bmierci Filozofa, Wydawnictwo Naukowe Towarzystwa Pedagogiki Filozoficznej \"Chowanna\", \u0141\u00f3d\u017a 2019.<\/pre>\n","protected":false},"excerpt":{"rendered":"<div class=\"mh-excerpt\"><p>Horodyski &#8211; Bronis\u0142aw Trentowski Adam Winiarz &#8211; Bronis\u0142awa Ferdynanda Trentowskiego \u017cycie i dokonania* Antoni Marian Kurpiel &#8211; Autobiografia Bronis\u0142awa Tr\u0119towskiego <a class=\"mh-excerpt-more\" href=\"https:\/\/pedagogika-filozoficzna.eu\/?page_id=1562\" title=\"Recepcja tw\u00f3rczo\u015bci Bronis\u0142awa F. Trentowskiego\">[&#8230;]<\/a><\/p>\n<\/div>","protected":false},"author":1,"featured_media":0,"parent":1570,"menu_order":0,"comment_status":"closed","ping_status":"closed","template":"","meta":{"footnotes":""},"class_list":["post-1562","page","type-page","status-publish","hentry"],"_links":{"self":[{"href":"https:\/\/pedagogika-filozoficzna.eu\/index.php?rest_route=\/wp\/v2\/pages\/1562","targetHints":{"allow":["GET"]}}],"collection":[{"href":"https:\/\/pedagogika-filozoficzna.eu\/index.php?rest_route=\/wp\/v2\/pages"}],"about":[{"href":"https:\/\/pedagogika-filozoficzna.eu\/index.php?rest_route=\/wp\/v2\/types\/page"}],"author":[{"embeddable":true,"href":"https:\/\/pedagogika-filozoficzna.eu\/index.php?rest_route=\/wp\/v2\/users\/1"}],"replies":[{"embeddable":true,"href":"https:\/\/pedagogika-filozoficzna.eu\/index.php?rest_route=%2Fwp%2Fv2%2Fcomments&post=1562"}],"version-history":[{"count":8,"href":"https:\/\/pedagogika-filozoficzna.eu\/index.php?rest_route=\/wp\/v2\/pages\/1562\/revisions"}],"predecessor-version":[{"id":1731,"href":"https:\/\/pedagogika-filozoficzna.eu\/index.php?rest_route=\/wp\/v2\/pages\/1562\/revisions\/1731"}],"up":[{"embeddable":true,"href":"https:\/\/pedagogika-filozoficzna.eu\/index.php?rest_route=\/wp\/v2\/pages\/1570"}],"wp:attachment":[{"href":"https:\/\/pedagogika-filozoficzna.eu\/index.php?rest_route=%2Fwp%2Fv2%2Fmedia&parent=1562"}],"curies":[{"name":"wp","href":"https:\/\/api.w.org\/{rel}","templated":true}]}}