{"id":232,"date":"2017-02-22T09:59:32","date_gmt":"2017-02-22T08:59:32","guid":{"rendered":"http:\/\/pedagogika-filozoficzna.eu\/?page_id=232"},"modified":"2017-04-30T12:12:54","modified_gmt":"2017-04-30T10:12:54","slug":"encyklopedia-pf","status":"publish","type":"page","link":"https:\/\/pedagogika-filozoficzna.eu\/?page_id=232","title":{"rendered":"EEPF &#8211; has\u0142a"},"content":{"rendered":"<p style=\"text-align: center;\"><img loading=\"lazy\" decoding=\"async\" class=\" wp-image-648 aligncenter\" src=\"http:\/\/pedagogika-filozoficzna.eu\/wp-content\/uploads\/2017\/02\/EEPF-metallic-gold-01-300x37.png\" alt=\"\" width=\"656\" height=\"81\" srcset=\"https:\/\/pedagogika-filozoficzna.eu\/wp-content\/uploads\/2017\/02\/EEPF-metallic-gold-01-300x37.png 300w, https:\/\/pedagogika-filozoficzna.eu\/wp-content\/uploads\/2017\/02\/EEPF-metallic-gold-01-768x94.png 768w, https:\/\/pedagogika-filozoficzna.eu\/wp-content\/uploads\/2017\/02\/EEPF-metallic-gold-01-1024x125.png 1024w\" sizes=\"auto, (max-width: 656px) 100vw, 656px\" \/><\/p>\n<p>Encyklopedia aktualizowana jest na bie\u017c\u0105co. Kliknij liter\u0119 rozpoczynaj\u0105c\u0105 szukane has\u0142o.<\/p>\n<p style=\"padding-left: 60px;\"><a href=\"http:\/\/pedagogika-filozoficzna.eu\/?page_id=716\" target=\"_blank\" rel=\"noopener noreferrer\"><img loading=\"lazy\" decoding=\"async\" class=\"wp-image-651 size-full alignleft\" src=\"http:\/\/pedagogika-filozoficzna.eu\/wp-content\/uploads\/2017\/02\/alfabet-brazowy-z-zygzakami-metallic-gold_A-e1493030169436.png\" alt=\"\" width=\"120\" height=\"120\" \/><\/a>\u00a0\u00a0 <a href=\"http:\/\/pedagogika-filozoficzna.eu\/?page_id=718\" target=\"_blank\" rel=\"noopener noreferrer\"><img loading=\"lazy\" decoding=\"async\" class=\"size-full wp-image-652 alignleft\" src=\"http:\/\/pedagogika-filozoficzna.eu\/wp-content\/uploads\/2017\/02\/alfabet-brazowy-z-zygzakami-metallic-gold_B-e1493030184367.png\" alt=\"\" width=\"120\" height=\"120\" \/><\/a>\u00a0\u00a0 <a href=\"http:\/\/pedagogika-filozoficzna.eu\/?page_id=720\" target=\"_blank\" rel=\"noopener noreferrer\"><img loading=\"lazy\" decoding=\"async\" class=\"size-full wp-image-653 alignleft\" src=\"http:\/\/pedagogika-filozoficzna.eu\/wp-content\/uploads\/2017\/02\/alfabet-brazowy-z-zygzakami-metallic-gold_C-e1493030192823.png\" alt=\"\" width=\"120\" height=\"120\" \/><\/a> \u00a0 <a href=\"http:\/\/pedagogika-filozoficzna.eu\/?page_id=722\" target=\"_blank\" rel=\"noopener noreferrer\"><img loading=\"lazy\" decoding=\"async\" class=\"size-full wp-image-665 alignleft\" src=\"http:\/\/pedagogika-filozoficzna.eu\/wp-content\/uploads\/2017\/04\/alfabet-brazowy-z-zygzakami-metallic-gold_\u0106-e1493030199480.png\" alt=\"\" width=\"120\" height=\"120\" \/><\/a> \u00a0 <a href=\"http:\/\/pedagogika-filozoficzna.eu\/?page_id=724\" target=\"_blank\" rel=\"noopener noreferrer\"><img loading=\"lazy\" decoding=\"async\" class=\"size-full wp-image-666 alignleft\" src=\"http:\/\/pedagogika-filozoficzna.eu\/wp-content\/uploads\/2017\/04\/alfabet-brazowy-z-zygzakami-metallic-gold_D-e1493030208701.png\" alt=\"\" width=\"120\" height=\"120\" \/><\/a> \u00a0 <a href=\"http:\/\/pedagogika-filozoficzna.eu\/?page_id=726\" target=\"_blank\" rel=\"noopener noreferrer\"><img loading=\"lazy\" decoding=\"async\" class=\"size-full wp-image-667 alignleft\" src=\"http:\/\/pedagogika-filozoficzna.eu\/wp-content\/uploads\/2017\/04\/alfabet-brazowy-z-zygzakami-metallic-gold_E-e1493030220136.png\" alt=\"\" width=\"120\" height=\"120\" \/><\/a> \u00a0 <a href=\"http:\/\/pedagogika-filozoficzna.eu\/?page_id=728\" target=\"_blank\" rel=\"noopener noreferrer\"><img loading=\"lazy\" decoding=\"async\" class=\"size-full wp-image-668 alignleft\" src=\"http:\/\/pedagogika-filozoficzna.eu\/wp-content\/uploads\/2017\/04\/alfabet-brazowy-z-zygzakami-metallic-gold_F-e1493030228506.png\" alt=\"\" width=\"120\" height=\"120\" \/><\/a> \u00a0 <a href=\"http:\/\/pedagogika-filozoficzna.eu\/?page_id=730\" target=\"_blank\" rel=\"noopener noreferrer\"><img loading=\"lazy\" decoding=\"async\" class=\"size-full wp-image-669 alignleft\" src=\"http:\/\/pedagogika-filozoficzna.eu\/wp-content\/uploads\/2017\/04\/alfabet-brazowy-z-zygzakami-metallic-gold_G-e1493030236188.png\" alt=\"\" width=\"120\" height=\"120\" \/><\/a> \u00a0 <a href=\"http:\/\/pedagogika-filozoficzna.eu\/?page_id=732\" target=\"_blank\" rel=\"noopener noreferrer\"><img loading=\"lazy\" decoding=\"async\" class=\"size-full wp-image-670 alignleft\" src=\"http:\/\/pedagogika-filozoficzna.eu\/wp-content\/uploads\/2017\/04\/alfabet-brazowy-z-zygzakami-metallic-gold_H-e1493030246645.png\" alt=\"\" width=\"120\" height=\"120\" \/><\/a> \u00a0 <a href=\"http:\/\/pedagogika-filozoficzna.eu\/?page_id=734\" target=\"_blank\" rel=\"noopener noreferrer\"><img loading=\"lazy\" decoding=\"async\" class=\"size-full wp-image-671 alignleft\" src=\"http:\/\/pedagogika-filozoficzna.eu\/wp-content\/uploads\/2017\/04\/alfabet-brazowy-z-zygzakami-metallic-gold_I-e1493030254952.png\" alt=\"\" width=\"120\" height=\"120\" \/><\/a> \u00a0 <a href=\"http:\/\/pedagogika-filozoficzna.eu\/?page_id=736\" target=\"_blank\" rel=\"noopener noreferrer\"><img loading=\"lazy\" decoding=\"async\" class=\"size-full wp-image-672 alignleft\" src=\"http:\/\/pedagogika-filozoficzna.eu\/wp-content\/uploads\/2017\/04\/alfabet-brazowy-z-zygzakami-metallic-gold_J-e1493030264375.png\" alt=\"\" width=\"120\" height=\"120\" \/><\/a> \u00a0 <a href=\"http:\/\/pedagogika-filozoficzna.eu\/?page_id=738\" target=\"_blank\" rel=\"noopener noreferrer\"><img loading=\"lazy\" decoding=\"async\" class=\"size-full wp-image-673 alignleft\" src=\"http:\/\/pedagogika-filozoficzna.eu\/wp-content\/uploads\/2017\/04\/alfabet-brazowy-z-zygzakami-metallic-gold_K-e1493030272890.png\" alt=\"\" width=\"120\" height=\"120\" \/><\/a> \u00a0 <a href=\"http:\/\/pedagogika-filozoficzna.eu\/?page_id=740\" target=\"_blank\" rel=\"noopener noreferrer\"><img loading=\"lazy\" decoding=\"async\" class=\"size-full wp-image-674 alignleft\" src=\"http:\/\/pedagogika-filozoficzna.eu\/wp-content\/uploads\/2017\/04\/alfabet-brazowy-z-zygzakami-metallic-gold_L-e1493030282298.png\" alt=\"\" width=\"120\" height=\"120\" \/><\/a> \u00a0 <a href=\"http:\/\/pedagogika-filozoficzna.eu\/?page_id=742\" target=\"_blank\" rel=\"noopener noreferrer\"><img loading=\"lazy\" decoding=\"async\" class=\"size-full wp-image-675 alignleft\" src=\"http:\/\/pedagogika-filozoficzna.eu\/wp-content\/uploads\/2017\/04\/alfabet-brazowy-z-zygzakami-metallic-gold_\u0141-e1493030291584.png\" alt=\"\" width=\"120\" height=\"120\" \/><\/a> \u00a0 <a href=\"http:\/\/pedagogika-filozoficzna.eu\/?page_id=746\" target=\"_blank\" rel=\"noopener noreferrer\"><img loading=\"lazy\" decoding=\"async\" class=\"size-full wp-image-677 alignleft\" src=\"http:\/\/pedagogika-filozoficzna.eu\/wp-content\/uploads\/2017\/04\/alfabet-brazowy-z-zygzakami-metallic-gold_N-e1493030300123.png\" alt=\"\" width=\"120\" height=\"120\" \/><\/a> \u00a0 <a href=\"http:\/\/pedagogika-filozoficzna.eu\/?page_id=744\" target=\"_blank\" rel=\"noopener noreferrer\"><img loading=\"lazy\" decoding=\"async\" class=\"size-full wp-image-676 alignleft\" src=\"http:\/\/pedagogika-filozoficzna.eu\/wp-content\/uploads\/2017\/04\/alfabet-brazowy-z-zygzakami-metallic-gold_M-e1493030313684.png\" alt=\"\" width=\"120\" height=\"120\" \/><\/a> \u00a0 <a href=\"http:\/\/pedagogika-filozoficzna.eu\/?page_id=748\" target=\"_blank\" rel=\"noopener noreferrer\"><img loading=\"lazy\" decoding=\"async\" class=\"size-full wp-image-678 alignleft\" src=\"http:\/\/pedagogika-filozoficzna.eu\/wp-content\/uploads\/2017\/04\/alfabet-brazowy-z-zygzakami-metallic-gold_O-e1493030321119.png\" alt=\"\" width=\"120\" height=\"120\" \/><\/a> \u00a0 <a href=\"http:\/\/pedagogika-filozoficzna.eu\/?page_id=750\" target=\"_blank\" rel=\"noopener noreferrer\"><img loading=\"lazy\" decoding=\"async\" class=\"size-full wp-image-679 alignleft\" src=\"http:\/\/pedagogika-filozoficzna.eu\/wp-content\/uploads\/2017\/04\/alfabet-brazowy-z-zygzakami-metallic-gold_P-e1493030330910.png\" alt=\"\" width=\"120\" height=\"120\" \/><\/a> \u00a0 <a href=\"http:\/\/pedagogika-filozoficzna.eu\/?page_id=752\" target=\"_blank\" rel=\"noopener noreferrer\"><img loading=\"lazy\" decoding=\"async\" class=\"size-full wp-image-680 alignleft\" src=\"http:\/\/pedagogika-filozoficzna.eu\/wp-content\/uploads\/2017\/04\/alfabet-brazowy-z-zygzakami-metallic-gold_R-e1493030340305.png\" alt=\"\" width=\"120\" height=\"120\" \/><\/a> \u00a0 <a href=\"http:\/\/pedagogika-filozoficzna.eu\/?page_id=754\" target=\"_blank\" rel=\"noopener noreferrer\"><img loading=\"lazy\" decoding=\"async\" class=\"size-full wp-image-681 alignleft\" src=\"http:\/\/pedagogika-filozoficzna.eu\/wp-content\/uploads\/2017\/04\/alfabet-brazowy-z-zygzakami-metallic-gold_S-e1493030348667.png\" alt=\"\" width=\"120\" height=\"120\" \/><\/a> \u00a0 <a href=\"http:\/\/pedagogika-filozoficzna.eu\/?page_id=756\" target=\"_blank\" rel=\"noopener noreferrer\"><img loading=\"lazy\" decoding=\"async\" class=\"size-full wp-image-682 alignleft\" src=\"http:\/\/pedagogika-filozoficzna.eu\/wp-content\/uploads\/2017\/04\/alfabet-brazowy-z-zygzakami-metallic-gold_\u015a-e1493030358999.png\" alt=\"\" width=\"120\" height=\"120\" \/><\/a> \u00a0 <a href=\"http:\/\/pedagogika-filozoficzna.eu\/?page_id=758\" target=\"_blank\" rel=\"noopener noreferrer\"><img loading=\"lazy\" decoding=\"async\" class=\"size-full wp-image-683 alignleft\" src=\"http:\/\/pedagogika-filozoficzna.eu\/wp-content\/uploads\/2017\/04\/alfabet-brazowy-z-zygzakami-metallic-gold_T-e1493030369249.png\" alt=\"\" width=\"120\" height=\"120\" \/><\/a> \u00a0 <a href=\"http:\/\/pedagogika-filozoficzna.eu\/?page_id=760\" target=\"_blank\" rel=\"noopener noreferrer\"><img loading=\"lazy\" decoding=\"async\" class=\"size-full wp-image-684 alignleft\" src=\"http:\/\/pedagogika-filozoficzna.eu\/wp-content\/uploads\/2017\/04\/alfabet-brazowy-z-zygzakami-metallic-gold_U-e1493030379777.png\" alt=\"\" width=\"120\" height=\"120\" \/><\/a> \u00a0 <a href=\"http:\/\/pedagogika-filozoficzna.eu\/?page_id=762\" target=\"_blank\" rel=\"noopener noreferrer\"><img loading=\"lazy\" decoding=\"async\" class=\"size-full wp-image-685 alignleft\" src=\"http:\/\/pedagogika-filozoficzna.eu\/wp-content\/uploads\/2017\/04\/alfabet-brazowy-z-zygzakami-metallic-gold_W-e1493030387358.png\" alt=\"\" width=\"120\" height=\"120\" \/><\/a>\u00a0\u00a0 <a href=\"http:\/\/pedagogika-filozoficzna.eu\/?page_id=764\" target=\"_blank\" rel=\"noopener noreferrer\"><img loading=\"lazy\" decoding=\"async\" class=\"size-full wp-image-686 alignleft\" src=\"http:\/\/pedagogika-filozoficzna.eu\/wp-content\/uploads\/2017\/04\/alfabet-brazowy-z-zygzakami-metallic-gold_Y-e1493030397319.png\" alt=\"\" width=\"120\" height=\"120\" \/><\/a>\u00a0\u00a0 <a href=\"http:\/\/pedagogika-filozoficzna.eu\/?page_id=766\" target=\"_blank\" rel=\"noopener noreferrer\"><img loading=\"lazy\" decoding=\"async\" class=\"size-full wp-image-687 alignleft\" src=\"http:\/\/pedagogika-filozoficzna.eu\/wp-content\/uploads\/2017\/04\/alfabet-brazowy-z-zygzakami-metallic-gold_Z-e1493030406805.png\" alt=\"\" width=\"120\" height=\"120\" \/><\/a> \u00a0 <a href=\"http:\/\/pedagogika-filozoficzna.eu\/?page_id=768\" target=\"_blank\" rel=\"noopener noreferrer\"><img loading=\"lazy\" decoding=\"async\" class=\"size-full wp-image-688 alignleft\" src=\"http:\/\/pedagogika-filozoficzna.eu\/wp-content\/uploads\/2017\/04\/alfabet-brazowy-z-zygzakami-metallic-gold_\u0179-e1493030415526.png\" alt=\"\" width=\"120\" height=\"120\" \/><\/a> \u00a0 <a href=\"http:\/\/pedagogika-filozoficzna.eu\/?page_id=770\" target=\"_blank\" rel=\"noopener noreferrer\"><img loading=\"lazy\" decoding=\"async\" class=\"size-full wp-image-689 alignleft\" src=\"http:\/\/pedagogika-filozoficzna.eu\/wp-content\/uploads\/2017\/04\/alfabet-brazowy-z-zygzakami-metallic-gold_\u017b-e1493030423717.png\" alt=\"\" width=\"120\" height=\"120\" \/><\/a><\/p>\n","protected":false},"excerpt":{"rendered":"<div class=\"mh-excerpt\"><p>Encyklopedia aktualizowana jest na bie\u017c\u0105co. Kliknij liter\u0119 rozpoczynaj\u0105c\u0105 szukane has\u0142o. \u00a0\u00a0 \u00a0\u00a0 \u00a0 \u00a0 \u00a0 \u00a0 \u00a0 \u00a0 \u00a0 \u00a0 <a class=\"mh-excerpt-more\" href=\"https:\/\/pedagogika-filozoficzna.eu\/?page_id=232\" title=\"EEPF &#8211; has\u0142a\">[&#8230;]<\/a><\/p>\n<\/div>","protected":false},"author":1,"featured_media":0,"parent":786,"menu_order":0,"comment_status":"closed","ping_status":"closed","template":"","meta":{"footnotes":""},"class_list":["post-232","page","type-page","status-publish","hentry"],"_links":{"self":[{"href":"https:\/\/pedagogika-filozoficzna.eu\/index.php?rest_route=\/wp\/v2\/pages\/232","targetHints":{"allow":["GET"]}}],"collection":[{"href":"https:\/\/pedagogika-filozoficzna.eu\/index.php?rest_route=\/wp\/v2\/pages"}],"about":[{"href":"https:\/\/pedagogika-filozoficzna.eu\/index.php?rest_route=\/wp\/v2\/types\/page"}],"author":[{"embeddable":true,"href":"https:\/\/pedagogika-filozoficzna.eu\/index.php?rest_route=\/wp\/v2\/users\/1"}],"replies":[{"embeddable":true,"href":"https:\/\/pedagogika-filozoficzna.eu\/index.php?rest_route=%2Fwp%2Fv2%2Fcomments&post=232"}],"version-history":[{"count":20,"href":"https:\/\/pedagogika-filozoficzna.eu\/index.php?rest_route=\/wp\/v2\/pages\/232\/revisions"}],"predecessor-version":[{"id":785,"href":"https:\/\/pedagogika-filozoficzna.eu\/index.php?rest_route=\/wp\/v2\/pages\/232\/revisions\/785"}],"up":[{"embeddable":true,"href":"https:\/\/pedagogika-filozoficzna.eu\/index.php?rest_route=\/wp\/v2\/pages\/786"}],"wp:attachment":[{"href":"https:\/\/pedagogika-filozoficzna.eu\/index.php?rest_route=%2Fwp%2Fv2%2Fmedia&parent=232"}],"curies":[{"name":"wp","href":"https:\/\/api.w.org\/{rel}","templated":true}]}}