{"id":235,"date":"2017-02-22T10:11:46","date_gmt":"2017-02-22T09:11:46","guid":{"rendered":"http:\/\/pedagogika-filozoficzna.eu\/?page_id=235"},"modified":"2017-03-22T13:41:29","modified_gmt":"2017-03-22T12:41:29","slug":"regulamin-kapituly","status":"publish","type":"page","link":"https:\/\/pedagogika-filozoficzna.eu\/?page_id=235","title":{"rendered":"Regulamin Kapitu\u0142y"},"content":{"rendered":"<p style=\"text-align: center;\"><strong>Regulamin <\/strong><\/p>\n<p style=\"text-align: center;\"><strong>Kapitu\u0142y Medalu Towarzystwa Pedagogiki Filozoficznej im. B. F. Trentowskiego<\/strong><\/p>\n<p>&nbsp;<\/p>\n<p style=\"text-align: center;\"><strong> \u00a7 1<\/strong><\/p>\n<p style=\"text-align: center;\"><strong>Postanowienia og\u00f3lne<\/strong><\/p>\n<ol>\n<li>Kapitu\u0142a Medalu Towarzystwa Pedagogiki Filozoficznej im. B. F. Trentowskiego (dalej: Kapitu\u0142a Medalu TPF) powo\u0142ywana i odwo\u0142ywana jest decyzj\u0105 Prezesa TPF na podstawie jego kompetencji wynikaj\u0105cych ze Statutu Towarzystwa Pedagogiki Filozoficznej im. B. F. Trentowskiego.<\/li>\n<li>Celem dzia\u0142ania Kapitu\u0142y Medalu TPF jest przyznawanie Medalu TPF wraz z dyplomem w brzmieniu ustalonym przez Kapitu\u0142\u0119 Medalu TPF, zgodnie z postanowieniami i zasadami niniejszego Regulaminu.<\/li>\n<\/ol>\n<p style=\"text-align: center;\"><strong> \u00a7 2<\/strong><\/p>\n<p style=\"text-align: center;\"><strong>Powo\u0142ywanie i odwo\u0142ywanie sk\u0142adu Kapitu\u0142y Medalu TPF<\/strong><\/p>\n<ol>\n<li>W sk\u0142ad Kapitu\u0142y Medalu TPF wchodz\u0105 Cz\u0142onkowie Kapitu\u0142y Medalu TPF w liczbie trzech oraz Przewodnicz\u0105cy Kapitu\u0142y Medalu TPF.<\/li>\n<li>Prezes TPF powo\u0142uje i odwo\u0142uje Przewodnicz\u0105cego Kapitu\u0142y Medalu TPF spo\u015br\u00f3d cz\u0142onk\u00f3w TPF.<\/li>\n<li>Cz\u0142onkowie Kapitu\u0142y Medalu TPF (dalej: Cz\u0142onkowie Kapitu\u0142y) powo\u0142ywani i odwo\u0142ywani s\u0105 przez Prezesa TPF spo\u015br\u00f3d cz\u0142onk\u00f3w TPF, na wniosek Przewodnicz\u0105cego Kapitu\u0142y Medalu TPF (dalej: Przewodnicz\u0105cego Kapitu\u0142y).<\/li>\n<\/ol>\n<p style=\"text-align: center;\"><strong> \u00a7 3<\/strong><\/p>\n<p style=\"text-align: center;\"><strong>Spos\u00f3b procedowania Kapitu\u0142y Medalu TPF<\/strong><\/p>\n<ol>\n<li>Posiedzenia Kapitu\u0142y Medalu TPF (dalej: Kapitu\u0142y) odbywaj\u0105 si\u0119 z powi\u0105zaniu z zebraniami TPF i walnymi zjazdami TPF.<\/li>\n<li>Kapitu\u0142a obraduje i podejmuje uchwa\u0142y dotycz\u0105ce przyznania Medalu TPF oraz tre\u015bci towarzysz\u0105cego Medalowi TPF dyplomu.<\/li>\n<li>Wniosek o przyznanie Medalu TPF wraz z uzasadnieniem mog\u0105 z\u0142o\u017cy\u0107\u00a0Cz\u0142onkowie Kapitu\u0142y lub inni cz\u0142onkowie TPF, na r\u0119ce Przewodnicz\u0105cego.<\/li>\n<li>Przewodnicz\u0105cy poddaje pod obrady i g\u0142osowanie Kapitu\u0142y wnioski spe\u0142niaj\u0105ce kryteria formalne i merytoryczne.<\/li>\n<li>Uchwa\u0142y Kapitu\u0142y podejmowane s\u0105 w g\u0142osowaniu jawnym.<\/li>\n<li>W przypadku r\u00f3wnej liczby g\u0142os\u00f3w decyduje g\u0142os Przewodnicz\u0105cego.<\/li>\n<li>Prezes TPF ma prawo veta wobec uchwa\u0142y Kapitu\u0142y.<\/li>\n<\/ol>\n<p style=\"text-align: center;\"><strong>\u00a7 4<\/strong><\/p>\n<p style=\"text-align: center;\"><strong>Zasady przyznawania Medalu TPF<\/strong><\/p>\n<ol>\n<li>Medal TPF mo\u017ce by\u0107 przyznany cz\u0142onkowi TPF albo osobie fizycznej lub prawnej nie b\u0119d\u0105cej cz\u0142onkiem TPF.<\/li>\n<li>W szczeg\u00f3lno\u015bci Medal TPF przyznaje si\u0119 za:\n<ol>\n<li>uzyskanie tytu\u0142u profesora lub stopnia doktora habilitowanego na podstawie osi\u0105gni\u0119\u0107 naukowych z zakresu pedagogiki filozoficznej i\/lub filozofii wychowania,<\/li>\n<li>opublikowanie wybitnej monografii naukowej z zakresu pedagogiki filozoficznej i\/lub filozofii wychowania,<\/li>\n<li>szczeg\u00f3lne zas\u0142ugi na rzecz rozwoju naukowego i organizacyjnego TPF,<\/li>\n<li>propagowanie i realizowanie misji TPF w wymiarze mi\u0119dzynarodowym,<\/li>\n<li>propagowanie, w tym poprzez prac\u0119 translacyjn\u0105 i edytorsk\u0105, prac cz\u0142onk\u00f3w TPF w j\u0119zykach kongresowych w wymiarze mi\u0119dzynarodowych,<\/li>\n<li>innych uzasadnionych przypadkach.<\/li>\n<\/ol>\n<\/li>\n<\/ol>\n<p style=\"text-align: center;\"><strong>\u00a7 5<\/strong><\/p>\n<p style=\"text-align: center;\"><strong>Postanowienia ko\u0144cowe<\/strong><\/p>\n<ol>\n<li>Niniejszy Regulamin obowi\u0105zuje do czasu odwo\u0142ania go przez Prezesa TPF.<\/li>\n<li>Wszelkie zmiany w Regulaminie dokonywane s\u0105 w formie pisemnej decyzji przez Prezesa TPF, a o zmianach informowani s\u0105 Cz\u0142onkowie Kapitu\u0142y i jej Przewodnicz\u0105cy.<\/li>\n<\/ol>\n<p>&nbsp;<\/p>\n<p>&nbsp;<\/p>\n","protected":false},"excerpt":{"rendered":"<div class=\"mh-excerpt\"><p>Regulamin Kapitu\u0142y Medalu Towarzystwa Pedagogiki Filozoficznej im. B. F. Trentowskiego &nbsp; \u00a7 1 Postanowienia og\u00f3lne Kapitu\u0142a Medalu Towarzystwa Pedagogiki Filozoficznej <a class=\"mh-excerpt-more\" href=\"https:\/\/pedagogika-filozoficzna.eu\/?page_id=235\" title=\"Regulamin Kapitu\u0142y\">[&#8230;]<\/a><\/p>\n<\/div>","protected":false},"author":1,"featured_media":0,"parent":43,"menu_order":0,"comment_status":"closed","ping_status":"closed","template":"","meta":{"footnotes":""},"class_list":["post-235","page","type-page","status-publish","hentry"],"_links":{"self":[{"href":"https:\/\/pedagogika-filozoficzna.eu\/index.php?rest_route=\/wp\/v2\/pages\/235","targetHints":{"allow":["GET"]}}],"collection":[{"href":"https:\/\/pedagogika-filozoficzna.eu\/index.php?rest_route=\/wp\/v2\/pages"}],"about":[{"href":"https:\/\/pedagogika-filozoficzna.eu\/index.php?rest_route=\/wp\/v2\/types\/page"}],"author":[{"embeddable":true,"href":"https:\/\/pedagogika-filozoficzna.eu\/index.php?rest_route=\/wp\/v2\/users\/1"}],"replies":[{"embeddable":true,"href":"https:\/\/pedagogika-filozoficzna.eu\/index.php?rest_route=%2Fwp%2Fv2%2Fcomments&post=235"}],"version-history":[{"count":5,"href":"https:\/\/pedagogika-filozoficzna.eu\/index.php?rest_route=\/wp\/v2\/pages\/235\/revisions"}],"predecessor-version":[{"id":634,"href":"https:\/\/pedagogika-filozoficzna.eu\/index.php?rest_route=\/wp\/v2\/pages\/235\/revisions\/634"}],"up":[{"embeddable":true,"href":"https:\/\/pedagogika-filozoficzna.eu\/index.php?rest_route=\/wp\/v2\/pages\/43"}],"wp:attachment":[{"href":"https:\/\/pedagogika-filozoficzna.eu\/index.php?rest_route=%2Fwp%2Fv2%2Fmedia&parent=235"}],"curies":[{"name":"wp","href":"https:\/\/api.w.org\/{rel}","templated":true}]}}