{"id":237,"date":"2017-02-22T10:15:14","date_gmt":"2017-02-22T09:15:14","guid":{"rendered":"http:\/\/pedagogika-filozoficzna.eu\/?page_id=237"},"modified":"2017-03-20T13:01:05","modified_gmt":"2017-03-20T12:01:05","slug":"sklad-kapityly","status":"publish","type":"page","link":"https:\/\/pedagogika-filozoficzna.eu\/?page_id=237","title":{"rendered":"Sk\u0142ad Kapity\u0142y"},"content":{"rendered":"<p style=\"text-align: center;\"><strong>Sk\u0142ad Kapitu\u0142y <\/strong><\/p>\n<p style=\"text-align: center;\"><strong>Medalu Towarzystwa Pedagogiki Filozoficznej<\/strong><\/p>\n<p><img loading=\"lazy\" decoding=\"async\" class=\" wp-image-292 aligncenter\" src=\"http:\/\/pedagogika-filozoficzna.eu\/wp-content\/uploads\/2017\/02\/MEDAL-225x300.jpg\" alt=\"\" width=\"176\" height=\"235\" \/><\/p>\n<p>1) dr Marcin Wasilewski (<em>U\u0141<\/em>) &#8211; <strong>przewodnicz\u0105cy<\/strong><\/p>\n<p>2) dr Anna Szudra-Barszcz (<em>KUL im. Jana Paw\u0142a II<\/em>)<\/p>\n<p>3) dr hab. Rafa\u0142 Godo\u0144 (<em>UW<\/em>)<\/p>\n<p>4) dr Andrzej Sztylka (<em>Towarzystwo Pedagogiki Filozoficznej<\/em>)<\/p>\n","protected":false},"excerpt":{"rendered":"<div class=\"mh-excerpt\"><p>Sk\u0142ad Kapitu\u0142y Medalu Towarzystwa Pedagogiki Filozoficznej 1) dr Marcin Wasilewski (U\u0141) &#8211; przewodnicz\u0105cy 2) dr Anna Szudra-Barszcz (KUL im. Jana <a class=\"mh-excerpt-more\" href=\"https:\/\/pedagogika-filozoficzna.eu\/?page_id=237\" title=\"Sk\u0142ad Kapity\u0142y\">[&#8230;]<\/a><\/p>\n<\/div>","protected":false},"author":1,"featured_media":0,"parent":43,"menu_order":0,"comment_status":"closed","ping_status":"closed","template":"","meta":{"footnotes":""},"class_list":["post-237","page","type-page","status-publish","hentry"],"_links":{"self":[{"href":"https:\/\/pedagogika-filozoficzna.eu\/index.php?rest_route=\/wp\/v2\/pages\/237","targetHints":{"allow":["GET"]}}],"collection":[{"href":"https:\/\/pedagogika-filozoficzna.eu\/index.php?rest_route=\/wp\/v2\/pages"}],"about":[{"href":"https:\/\/pedagogika-filozoficzna.eu\/index.php?rest_route=\/wp\/v2\/types\/page"}],"author":[{"embeddable":true,"href":"https:\/\/pedagogika-filozoficzna.eu\/index.php?rest_route=\/wp\/v2\/users\/1"}],"replies":[{"embeddable":true,"href":"https:\/\/pedagogika-filozoficzna.eu\/index.php?rest_route=%2Fwp%2Fv2%2Fcomments&post=237"}],"version-history":[{"count":3,"href":"https:\/\/pedagogika-filozoficzna.eu\/index.php?rest_route=\/wp\/v2\/pages\/237\/revisions"}],"predecessor-version":[{"id":605,"href":"https:\/\/pedagogika-filozoficzna.eu\/index.php?rest_route=\/wp\/v2\/pages\/237\/revisions\/605"}],"up":[{"embeddable":true,"href":"https:\/\/pedagogika-filozoficzna.eu\/index.php?rest_route=\/wp\/v2\/pages\/43"}],"wp:attachment":[{"href":"https:\/\/pedagogika-filozoficzna.eu\/index.php?rest_route=%2Fwp%2Fv2%2Fmedia&parent=237"}],"curies":[{"name":"wp","href":"https:\/\/api.w.org\/{rel}","templated":true}]}}