{"id":239,"date":"2017-02-22T10:20:04","date_gmt":"2017-02-22T09:20:04","guid":{"rendered":"http:\/\/pedagogika-filozoficzna.eu\/?page_id=239"},"modified":"2023-10-04T12:04:57","modified_gmt":"2023-10-04T10:04:57","slug":"lista-odznaczonych","status":"publish","type":"page","link":"https:\/\/pedagogika-filozoficzna.eu\/?page_id=239","title":{"rendered":"Lista odznaczonych"},"content":{"rendered":"<p style=\"text-align: center;\"><strong>Lista cz\u0142onk\u00f3w Towarzystwa Pedagogiki Filozoficznej<\/strong><\/p>\n<p style=\"text-align: center;\"><strong>odznaczonych Medalem<\/strong><\/p>\n<p style=\"text-align: center;\"><img loading=\"lazy\" decoding=\"async\" class=\"size-medium wp-image-240 aligncenter\" src=\"http:\/\/pedagogika-filozoficzna.eu\/wp-content\/uploads\/2017\/02\/medal_tpf-274x300.png\" alt=\"\" width=\"274\" height=\"300\" \/><\/p>\n<p style=\"text-align: center;\">Wies\u0142aw Andrukowicz<\/p>\n<p style=\"text-align: center;\">Dietrich Benner<\/p>\n<p style=\"text-align: center;\">Andrzej Ci\u0105\u017cela<\/p>\n<p style=\"text-align: center;\">Stanis\u0142aw Ga\u0142kowski<\/p>\n<p style=\"text-align: center;\">Jaros\u0142aw Gara<\/p>\n<p style=\"text-align: center;\">Micha\u0142 G\u0142a\u017cewski<\/p>\n<p style=\"text-align: center;\">Janusz Gnitecki<\/p>\n<p style=\"text-align: center;\">Rafa\u0142 Godo\u0144<\/p>\n<p style=\"text-align: center;\">Kazimierz Gry\u017cenia<\/p>\n<p style=\"text-align: center;\">Jaros\u0142aw Horowski<\/p>\n<p style=\"text-align: center;\">Blanka Kudl\u00e1\u010dova<\/p>\n<p style=\"text-align: center;\">Krzysztof Maliszewski<\/p>\n<p style=\"text-align: center;\">Ma\u0142gorzata Przanowska<\/p>\n<p style=\"text-align: center;\">Andrej Rajsk\u00fd<\/p>\n<p style=\"text-align: center;\">Jan Rutkowski<\/p>\n<p style=\"text-align: center;\">Dariusz St\u0119pkowski<\/p>\n<p style=\"text-align: center;\">S\u0142awomir Sztobryn<\/p>\n<p style=\"text-align: center;\">Justyna Sztobryn-Bochomulska<\/p>\n<p style=\"text-align: center;\">Andrzej Sztylka<\/p>\n<p style=\"text-align: center;\">Marcin Wasilewski<\/p>\n<p style=\"text-align: center;\">Rafa\u0142 W\u0142odarczyk<\/p>\n<p style=\"text-align: center;\">Katarzyna Wro\u0144ska<\/p>\n<p style=\"text-align: center;\">Alina Wr\u00f3bel<\/p>\n<p style=\"text-align: center;\">Alicja \u017bywczok<\/p>\n","protected":false},"excerpt":{"rendered":"<div class=\"mh-excerpt\"><p>Lista cz\u0142onk\u00f3w Towarzystwa Pedagogiki Filozoficznej odznaczonych Medalem Wies\u0142aw Andrukowicz Dietrich Benner Andrzej Ci\u0105\u017cela Stanis\u0142aw Ga\u0142kowski Jaros\u0142aw Gara Micha\u0142 G\u0142a\u017cewski Janusz <a class=\"mh-excerpt-more\" href=\"https:\/\/pedagogika-filozoficzna.eu\/?page_id=239\" title=\"Lista odznaczonych\">[&#8230;]<\/a><\/p>\n<\/div>","protected":false},"author":1,"featured_media":0,"parent":43,"menu_order":0,"comment_status":"closed","ping_status":"closed","template":"","meta":{"footnotes":""},"class_list":["post-239","page","type-page","status-publish","hentry"],"_links":{"self":[{"href":"https:\/\/pedagogika-filozoficzna.eu\/index.php?rest_route=\/wp\/v2\/pages\/239","targetHints":{"allow":["GET"]}}],"collection":[{"href":"https:\/\/pedagogika-filozoficzna.eu\/index.php?rest_route=\/wp\/v2\/pages"}],"about":[{"href":"https:\/\/pedagogika-filozoficzna.eu\/index.php?rest_route=\/wp\/v2\/types\/page"}],"author":[{"embeddable":true,"href":"https:\/\/pedagogika-filozoficzna.eu\/index.php?rest_route=\/wp\/v2\/users\/1"}],"replies":[{"embeddable":true,"href":"https:\/\/pedagogika-filozoficzna.eu\/index.php?rest_route=%2Fwp%2Fv2%2Fcomments&post=239"}],"version-history":[{"count":11,"href":"https:\/\/pedagogika-filozoficzna.eu\/index.php?rest_route=\/wp\/v2\/pages\/239\/revisions"}],"predecessor-version":[{"id":1692,"href":"https:\/\/pedagogika-filozoficzna.eu\/index.php?rest_route=\/wp\/v2\/pages\/239\/revisions\/1692"}],"up":[{"embeddable":true,"href":"https:\/\/pedagogika-filozoficzna.eu\/index.php?rest_route=\/wp\/v2\/pages\/43"}],"wp:attachment":[{"href":"https:\/\/pedagogika-filozoficzna.eu\/index.php?rest_route=%2Fwp%2Fv2%2Fmedia&parent=239"}],"curies":[{"name":"wp","href":"https:\/\/api.w.org\/{rel}","templated":true}]}}