{"id":273,"date":"2017-02-22T20:26:44","date_gmt":"2017-02-22T19:26:44","guid":{"rendered":"http:\/\/pedagogika-filozoficzna.eu\/?page_id=273"},"modified":"2024-05-20T11:58:31","modified_gmt":"2024-05-20T09:58:31","slug":"lista-czlonkow","status":"publish","type":"page","link":"https:\/\/pedagogika-filozoficzna.eu\/?page_id=273","title":{"rendered":"Lista cz\u0142onk\u00f3w"},"content":{"rendered":"<h2 style=\"text-align: center;\"><strong>Cz\u0142onkowie Towarzystwa Pedagogiki Filozoficznej<\/strong><\/h2>\n<table style=\"height: 1117px;\" width=\"579\">\n<tbody>\n<tr>\n<td width=\"290\"><strong>Akesiejuk Artur<\/strong><\/td>\n<td width=\"297\"><strong>Michalkiewicz-Gorol Agnieszka<\/strong><\/td>\n<\/tr>\n<tr>\n<td width=\"290\"><strong>Andrukowicz Wies\u0142aw<\/strong><\/td>\n<td width=\"297\"><strong>Micha\u0142owska Danuta<\/strong><\/td>\n<\/tr>\n<tr>\n<td width=\"290\"><strong>Andrzejuk Izabella<\/strong><\/td>\n<td width=\"297\"><strong>Mordzi\u0144ska Aleksandra<\/strong><\/td>\n<\/tr>\n<tr>\n<td width=\"290\"><strong>Bor\u00f3wka Beata<\/strong><\/td>\n<td width=\"297\"><strong>Mr\u00f3z Ma\u0142orzata<\/strong><\/td>\n<\/tr>\n<tr>\n<td width=\"290\"><strong>Boychenko Mykhailo<\/strong><\/td>\n<td width=\"297\"><strong>Murzyn Andrzej<\/strong><\/td>\n<\/tr>\n<tr>\n<td width=\"290\"><strong>Dubniak Zlatyslaw<\/strong><\/td>\n<td width=\"297\"><strong>Nowak Zbigniew<\/strong><\/td>\n<\/tr>\n<tr>\n<td width=\"290\"><strong>Dworakowska Katarzyna<\/strong><\/td>\n<td width=\"297\"><strong>Panchenko<\/strong> <strong>Lesya<\/strong><\/td>\n<\/tr>\n<tr>\n<td width=\"290\"><strong>Ga\u0142kowski Stanis\u0142aw<\/strong><\/td>\n<td width=\"297\"><strong>Penczek Mateusz<\/strong><\/td>\n<\/tr>\n<tr>\n<td width=\"290\"><strong>Ganaba <\/strong><strong>Svitlana<\/strong><\/td>\n<td width=\"297\"><strong>Pobojewska Aldona<\/strong><\/td>\n<\/tr>\n<tr>\n<td width=\"290\"><strong>Godo\u0144 Rafa\u0142<\/strong><\/td>\n<td width=\"297\"><strong>Predbor<\/strong><strong>s<\/strong><strong>ka<\/strong> <strong>Irina<\/strong><\/td>\n<\/tr>\n<tr>\n<td width=\"290\"><strong>Gomilko<\/strong> <strong>Olga<\/strong><\/td>\n<td width=\"297\"><strong>Przanowska\u00a0 Ma\u0142gorzata<\/strong><\/td>\n<\/tr>\n<tr>\n<td width=\"290\"><strong>Gorbunova<\/strong> <strong>Lyudmila<\/strong><\/td>\n<td width=\"297\"><strong>Rajsk\u00fd Andrzej<\/strong><\/td>\n<\/tr>\n<tr>\n<td width=\"290\"><strong>Gry\u017cenia Kazimierz<\/strong><\/td>\n<td width=\"297\"><strong>Rebes Marcin<\/strong><\/td>\n<\/tr>\n<tr>\n<td width=\"290\"><strong>Horowski Jaros\u0142aw<\/strong><\/td>\n<td width=\"297\"><strong>Rutkowski Jan<\/strong><\/td>\n<\/tr>\n<tr>\n<td width=\"290\"><strong>Jakimowska\u00a0 Ewa<\/strong><\/td>\n<td width=\"297\"><strong>Sitarska Barbara<\/strong><\/td>\n<\/tr>\n<tr>\n<td width=\"290\"><strong>Kami\u0144ski Krzysztof<\/strong><\/td>\n<td width=\"297\"><strong>Skalska Katarzyna<\/strong><\/td>\n<\/tr>\n<tr>\n<td width=\"290\"><strong>Karaskiewicz Katarzyna<\/strong><\/td>\n<td width=\"297\"><strong>Stawoska-Jundzi\u0142\u0142 Bo\u017cena<\/strong><\/td>\n<\/tr>\n<tr>\n<td width=\"290\"><strong>Kojko\u0142 Jerzy<\/strong><\/td>\n<td width=\"297\"><strong>Stepanenko Iryna<\/strong><\/td>\n<\/tr>\n<tr>\n<td width=\"290\"><strong>Kopiec Herbert<\/strong><\/td>\n<td width=\"297\"><strong>St\u0119pkowski Dariusz<\/strong><\/td>\n<\/tr>\n<tr>\n<td width=\"290\"><strong>Kosty\u0142o Joanna<\/strong><\/td>\n<td width=\"297\"><strong>Sztobryn-Bochomulska\u00a0 Justyna<\/strong><\/td>\n<\/tr>\n<tr>\n<td style=\"text-align: left;\" width=\"290\"><strong>Kosty\u0142o Piotr<\/strong><\/td>\n<td width=\"297\"><strong>Sztobryn S\u0142awomir<\/strong><\/td>\n<\/tr>\n<tr>\n<td width=\"290\"><strong>Krasnod\u0119bski Miko\u0142aj<\/strong><\/td>\n<td width=\"297\"><strong>Szudra-Barszcz Anna<\/strong><\/td>\n<\/tr>\n<tr>\n<td width=\"290\"><strong>Kudl\u00e1\u010dova Blanka<\/strong><\/td>\n<td width=\"297\"><strong>Szyszkowska Maria<\/strong><\/td>\n<\/tr>\n<tr>\n<td width=\"290\"><strong>Kulyk Yevhen<\/strong><\/td>\n<td width=\"297\"><strong>Tabo\u0142 Sebastian<\/strong><\/td>\n<\/tr>\n<tr>\n<td width=\"290\"><strong>Kurbatov<\/strong> <strong>Sergiy<\/strong><\/td>\n<td width=\"297\"><strong>Tys Agnieszka<\/strong><\/td>\n<\/tr>\n<tr>\n<td width=\"290\"><strong>Leszczy\u0144ski Rafa\u0142\u00a0<\/strong><\/td>\n<td width=\"297\"><strong>Wasilewski Marcin<\/strong><\/td>\n<\/tr>\n<tr>\n<td width=\"290\"><strong>Leszczy\u0144ski Seweryn \u0141ukasz<\/strong><\/td>\n<td width=\"297\"><strong>W\u0142odarczyk Rafa\u0142<\/strong><\/td>\n<\/tr>\n<tr>\n<td width=\"290\"><strong>Lippitz Wilfried<\/strong><\/td>\n<td width=\"297\"><strong>Wro\u0144ska Katarzyna<\/strong><\/td>\n<\/tr>\n<tr>\n<td width=\"290\"><strong>\u0141a\u017cewska Dorota<\/strong><\/td>\n<td width=\"297\"><strong>Zinchenko<\/strong> <strong>Viktor<\/strong><\/td>\n<\/tr>\n<tr>\n<td width=\"290\"><strong>\u0141osiewa Natalia<\/strong><\/td>\n<td width=\"297\"><strong>Z\u0142owocki Pawe\u0142<\/strong><\/td>\n<\/tr>\n<tr>\n<td width=\"290\"><strong>Marsza\u0142ek Robert<\/strong><\/td>\n<td width=\"297\"><strong>\u017bywczok Alicja<\/strong><\/td>\n<\/tr>\n<tr>\n<td width=\"290\"><strong>Matusewicz Tetiana<\/strong><\/td>\n<td width=\"297\"><strong>\u00a0<\/strong><\/td>\n<\/tr>\n<\/tbody>\n<\/table>\n<p><em>aktualizacja na dzie\u0144 20.05.2024 r.<\/em><\/p>\n","protected":false},"excerpt":{"rendered":"<div class=\"mh-excerpt\"><p>Cz\u0142onkowie Towarzystwa Pedagogiki Filozoficznej Akesiejuk Artur Michalkiewicz-Gorol Agnieszka Andrukowicz Wies\u0142aw Micha\u0142owska Danuta Andrzejuk Izabella Mordzi\u0144ska Aleksandra Bor\u00f3wka Beata Mr\u00f3z Ma\u0142orzata <a class=\"mh-excerpt-more\" href=\"https:\/\/pedagogika-filozoficzna.eu\/?page_id=273\" title=\"Lista cz\u0142onk\u00f3w\">[&#8230;]<\/a><\/p>\n<\/div>","protected":false},"author":1,"featured_media":0,"parent":37,"menu_order":0,"comment_status":"closed","ping_status":"closed","template":"","meta":{"footnotes":""},"class_list":["post-273","page","type-page","status-publish","hentry"],"_links":{"self":[{"href":"https:\/\/pedagogika-filozoficzna.eu\/index.php?rest_route=\/wp\/v2\/pages\/273","targetHints":{"allow":["GET"]}}],"collection":[{"href":"https:\/\/pedagogika-filozoficzna.eu\/index.php?rest_route=\/wp\/v2\/pages"}],"about":[{"href":"https:\/\/pedagogika-filozoficzna.eu\/index.php?rest_route=\/wp\/v2\/types\/page"}],"author":[{"embeddable":true,"href":"https:\/\/pedagogika-filozoficzna.eu\/index.php?rest_route=\/wp\/v2\/users\/1"}],"replies":[{"embeddable":true,"href":"https:\/\/pedagogika-filozoficzna.eu\/index.php?rest_route=%2Fwp%2Fv2%2Fcomments&post=273"}],"version-history":[{"count":19,"href":"https:\/\/pedagogika-filozoficzna.eu\/index.php?rest_route=\/wp\/v2\/pages\/273\/revisions"}],"predecessor-version":[{"id":1716,"href":"https:\/\/pedagogika-filozoficzna.eu\/index.php?rest_route=\/wp\/v2\/pages\/273\/revisions\/1716"}],"up":[{"embeddable":true,"href":"https:\/\/pedagogika-filozoficzna.eu\/index.php?rest_route=\/wp\/v2\/pages\/37"}],"wp:attachment":[{"href":"https:\/\/pedagogika-filozoficzna.eu\/index.php?rest_route=%2Fwp%2Fv2%2Fmedia&parent=273"}],"curies":[{"name":"wp","href":"https:\/\/api.w.org\/{rel}","templated":true}]}}