{"id":39,"date":"2017-02-17T11:08:46","date_gmt":"2017-02-17T10:08:46","guid":{"rendered":"http:\/\/pedagogika-filozoficzna.eu\/?page_id=39"},"modified":"2024-06-13T11:55:51","modified_gmt":"2024-06-13T09:55:51","slug":"zarzad-tpf","status":"publish","type":"page","link":"https:\/\/pedagogika-filozoficzna.eu\/?page_id=39","title":{"rendered":"Zarz\u0105d TPF"},"content":{"rendered":"<p style=\"text-align: center;\"><strong>Zarz\u0105d Towarzystwa Pedagogiki Filozoficznej<\/strong><\/p>\n<p style=\"text-align: center;\"><strong> im. Bronis\u0142awa F. Trentowskiego<\/strong><\/p>\n<p style=\"text-align: center;\"><strong>\u00a0w kadencji 2024-2028<\/strong><\/p>\n<div style=\"text-align: center;\">Uchwa\u0142\u0105 Cz\u0142onk\u00f3w Towarzystwa Pedagogiki Filozoficznej w Warszawie<br \/>\nw dniu 27 wrze\u015bnia 2023 r.<br \/>\nprzyj\u0119to na kadencj\u0119 2024-2028 nowy sk\u0142ad Zarz\u0105du w sk\u0142adzie:<\/div>\n<p><img loading=\"lazy\" decoding=\"async\" class=\"aligncenter wp-image-1349 \" src=\"http:\/\/pedagogika-filozoficzna.eu\/wp-content\/uploads\/2018\/10\/RGodon-169x300.jpg\" alt=\"\" width=\"189\" height=\"336\" srcset=\"https:\/\/pedagogika-filozoficzna.eu\/wp-content\/uploads\/2018\/10\/RGodon-169x300.jpg 169w, https:\/\/pedagogika-filozoficzna.eu\/wp-content\/uploads\/2018\/10\/RGodon-768x1364.jpg 768w, https:\/\/pedagogika-filozoficzna.eu\/wp-content\/uploads\/2018\/10\/RGodon-576x1024.jpg 576w, https:\/\/pedagogika-filozoficzna.eu\/wp-content\/uploads\/2018\/10\/RGodon.jpg 774w\" sizes=\"auto, (max-width: 189px) 100vw, 189px\" \/><\/p>\n<p style=\"text-align: center;\">Prezes \u2013 prof. nadzw. dr hab. Rafa\u0142 Godo\u0144<\/p>\n<p style=\"text-align: center;\"><img loading=\"lazy\" decoding=\"async\" class=\" wp-image-1719 aligncenter\" src=\"http:\/\/pedagogika-filozoficzna.eu\/wp-content\/uploads\/2024\/06\/Rutkowski_TPF-274x300.jpg\" alt=\"\" width=\"233\" height=\"255\" srcset=\"https:\/\/pedagogika-filozoficzna.eu\/wp-content\/uploads\/2024\/06\/Rutkowski_TPF-274x300.jpg 274w, https:\/\/pedagogika-filozoficzna.eu\/wp-content\/uploads\/2024\/06\/Rutkowski_TPF-768x841.jpg 768w, https:\/\/pedagogika-filozoficzna.eu\/wp-content\/uploads\/2024\/06\/Rutkowski_TPF-935x1024.jpg 935w, https:\/\/pedagogika-filozoficzna.eu\/wp-content\/uploads\/2024\/06\/Rutkowski_TPF.jpg 1357w\" sizes=\"auto, (max-width: 233px) 100vw, 233px\" \/><\/p>\n<p style=\"text-align: center;\">Zast\u0119pca Prezesa &#8211; prof. nadzw. dr hab. Jan Rutkowski<\/p>\n<p style=\"text-align: center;\">\n<p style=\"text-align: center;\">Sekretarz \u2013 prof. nadzw. dr hab. Danuta Micha\u0142owska<\/p>\n<p><img loading=\"lazy\" decoding=\"async\" class=\"wp-image-353 size-medium aligncenter\" src=\"http:\/\/pedagogika-filozoficzna.eu\/wp-content\/uploads\/2017\/03\/SSztobryn-252x300.jpg\" alt=\"\" width=\"252\" height=\"300\" srcset=\"https:\/\/pedagogika-filozoficzna.eu\/wp-content\/uploads\/2017\/03\/SSztobryn-252x300.jpg 252w, https:\/\/pedagogika-filozoficzna.eu\/wp-content\/uploads\/2017\/03\/SSztobryn.jpg 287w\" sizes=\"auto, (max-width: 252px) 100vw, 252px\" \/><\/p>\n<p style=\"text-align: center;\">Skarbnik \u2013 prof. nadzw. dr hab. S\u0142awomir Sztobryn<\/p>\n<p style=\"text-align: center;\">Cz\u0142onek zarz\u0105du &#8211; prof. nadzw. dr hab. Katarzyna Wro\u0144ska<\/p>\n<p style=\"text-align: center;\">\n<p style=\"text-align: center;\">Cz\u0142onek Komisji Rewizyjnej \u2013 prof. nadzw. dr hab. Dariusz St\u0119pkowski<\/p>\n<p style=\"text-align: center;\">Cz\u0142onek Komisji Rewizyjnej \u2013 dr Justyna Sztobryn-Bochomulska<\/p>\n<p><strong>Statutowe cele Towarzystwa obejmuj\u0105:<\/strong><\/p>\n<ol>\n<li>Inspirowanie, organizowanie i popieranie bada\u0144 oraz wymiany mi\u0119dzynarodowej<br \/>\ni mi\u0119dzyuczelnianej w zakresie pedagogiki filozoficznej jak r\u00f3wnie\u017c upowszechnianie ich wynik\u00f3w<br \/>\nw spo\u0142ecze\u0144stwie<\/li>\n<li>Organizowanie konferencji, szkole\u0144, spotka\u0144 w celu integracji \u015brodowisk dzia\u0142aj\u0105cych w obszarze pedagogiki filozoficznej<\/li>\n<li>Sprawowanie merytorycznej i materialnej opieki nad wortalem oraz czasopismem \u201ePedagogika Filozoficzna on-line\u201d<\/li>\n<li>Prowadzenie dzia\u0142a\u0144 zwi\u0105zanych z publikacjami wydawanymi przez TPF<\/li>\n<li>Prowadzenie dzia\u0142a\u0144 zwi\u0105zanych z piel\u0119gnowaniem dziedzictwa kulturowego<\/li>\n<\/ol>\n","protected":false},"excerpt":{"rendered":"<div class=\"mh-excerpt\"><p>Zarz\u0105d Towarzystwa Pedagogiki Filozoficznej im. Bronis\u0142awa F. Trentowskiego \u00a0w kadencji 2024-2028 Uchwa\u0142\u0105 Cz\u0142onk\u00f3w Towarzystwa Pedagogiki Filozoficznej w Warszawie w dniu <a class=\"mh-excerpt-more\" href=\"https:\/\/pedagogika-filozoficzna.eu\/?page_id=39\" title=\"Zarz\u0105d TPF\">[&#8230;]<\/a><\/p>\n<\/div>","protected":false},"author":1,"featured_media":0,"parent":37,"menu_order":0,"comment_status":"closed","ping_status":"closed","template":"","meta":{"footnotes":""},"class_list":["post-39","page","type-page","status-publish","hentry"],"_links":{"self":[{"href":"https:\/\/pedagogika-filozoficzna.eu\/index.php?rest_route=\/wp\/v2\/pages\/39","targetHints":{"allow":["GET"]}}],"collection":[{"href":"https:\/\/pedagogika-filozoficzna.eu\/index.php?rest_route=\/wp\/v2\/pages"}],"about":[{"href":"https:\/\/pedagogika-filozoficzna.eu\/index.php?rest_route=\/wp\/v2\/types\/page"}],"author":[{"embeddable":true,"href":"https:\/\/pedagogika-filozoficzna.eu\/index.php?rest_route=\/wp\/v2\/users\/1"}],"replies":[{"embeddable":true,"href":"https:\/\/pedagogika-filozoficzna.eu\/index.php?rest_route=%2Fwp%2Fv2%2Fcomments&post=39"}],"version-history":[{"count":17,"href":"https:\/\/pedagogika-filozoficzna.eu\/index.php?rest_route=\/wp\/v2\/pages\/39\/revisions"}],"predecessor-version":[{"id":1721,"href":"https:\/\/pedagogika-filozoficzna.eu\/index.php?rest_route=\/wp\/v2\/pages\/39\/revisions\/1721"}],"up":[{"embeddable":true,"href":"https:\/\/pedagogika-filozoficzna.eu\/index.php?rest_route=\/wp\/v2\/pages\/37"}],"wp:attachment":[{"href":"https:\/\/pedagogika-filozoficzna.eu\/index.php?rest_route=%2Fwp%2Fv2%2Fmedia&parent=39"}],"curies":[{"name":"wp","href":"https:\/\/api.w.org\/{rel}","templated":true}]}}