{"id":425,"date":"2017-03-13T13:04:52","date_gmt":"2017-03-13T12:04:52","guid":{"rendered":"http:\/\/pedagogika-filozoficzna.eu\/?page_id=425"},"modified":"2017-03-13T13:14:56","modified_gmt":"2017-03-13T12:14:56","slug":"filosofija-oswity-czasopismo-z-ukrainy","status":"publish","type":"page","link":"https:\/\/pedagogika-filozoficzna.eu\/?page_id=425","title":{"rendered":"Filosofija oswity &#8211; czasopismo z Ukrainy"},"content":{"rendered":"<p><strong><img loading=\"lazy\" decoding=\"async\" class=\"size-medium wp-image-426 alignleft\" src=\"http:\/\/pedagogika-filozoficzna.eu\/wp-content\/uploads\/2017\/03\/Philosophy-of-education-203x300.jpg\" alt=\"\" width=\"203\" height=\"300\" srcset=\"https:\/\/pedagogika-filozoficzna.eu\/wp-content\/uploads\/2017\/03\/Philosophy-of-education-203x300.jpg 203w, https:\/\/pedagogika-filozoficzna.eu\/wp-content\/uploads\/2017\/03\/Philosophy-of-education.jpg 457w\" sizes=\"auto, (max-width: 203px) 100vw, 203px\" \/><\/strong><\/p>\n<p>&nbsp;<\/p>\n<p>Zgodnie z informacj\u0105 przedstawion\u0105 na zebraniu TPF, cz\u0142onkowie Towarzystwa maj\u0105 mo\u017cliwo\u015b\u0107 publikowania w ukrai\u0144skim mi\u0119dzynarodowym czasopi\u015bmie naukowym <strong>\u201e<\/strong><strong>\u0424\u0456\u043b\u043e\u0441\u043e\u0444\u0456\u044f<\/strong> <strong>\u043e\u0441\u0432\u0456\u0442\u0438<\/strong><strong>. Philosophy of Education\u201d<\/strong>, <strong>ISSN 2309-1606<\/strong>.<\/p>\n<p>Periodyk jest wydawany przez Instytut Edukacji Wy\u017cszej w Narodowej Akademii Nauk Pedagogicznych Ukrainy oraz Narodowy Uniwersytet Pedagogiczny im. M.P. Dragomanowa w Kijowie. Czasopismo ukazuje si\u0119 w cyklu p\u00f3\u0142rocznym w wersji elektronicznej (bez wersji papierowej).<\/p>\n<p>Strona internetowa czasopisma: <a href=\"http:\/\/www.philosopheducation.com\/index.php\/en\/\">www.philosopheducation.com<\/a><\/p>\n<p>&nbsp;<\/p>\n<p>PODSTAWOWE WYMOGI EDYTORSKIE REDAKCJI WOBEC AUTOR\u00d3W Z POLSKI:<\/p>\n<p>&#8211; teksty wy\u0142\u0105cznie w j\u0119zyku angielskim,<\/p>\n<p>&#8211; abstrakt do 1 tys. znak\u00f3w w j\u0119zyku polskim (zostanie prze\u0142o\u017cony przez Redakcj\u0119 na j\u0119zyk ukrai\u0144ski)<br \/>\ni angielskim,<\/p>\n<p>&#8211; 5 s\u0142\u00f3w kluczowych w j\u0119zyku polskim (jw.) i angielskim,<\/p>\n<p>&#8211; przypisy numeryczne wewn\u0105trz tekstu np.: [2; 123], co oznacza pozycj\u0119 2. ze spisu<br \/>\nliteratury i stron\u0119 123. w tej\u017ce,<\/p>\n<p>&#8211; literatura z numeracj\u0105 pozycji na ko\u0144cu artyku\u0142u.<\/p>\n<p>Osoby zainteresowane publikacj\u0105 w czasopi\u015bmie prosimy o kontakt z cz\u0142onkiem Rady Naukowej \u201eFilosofji oswity\u201d, prof. S\u0142awomirem Sztobrynem: ped_filozof@wp.pl<\/p>\n<p><strong>Liczba tekst\u00f3w przyjmowanych od autor\u00f3w polskich do poszczeg\u00f3lnych numer\u00f3w jest<\/strong><\/p>\n<p><strong>ograniczona (2-4 rocznie).<\/strong><\/p>\n","protected":false},"excerpt":{"rendered":"<div class=\"mh-excerpt\"><p>&nbsp; Zgodnie z informacj\u0105 przedstawion\u0105 na zebraniu TPF, cz\u0142onkowie Towarzystwa maj\u0105 mo\u017cliwo\u015b\u0107 publikowania w ukrai\u0144skim mi\u0119dzynarodowym czasopi\u015bmie naukowym \u201e\u0424\u0456\u043b\u043e\u0441\u043e\u0444\u0456\u044f \u043e\u0441\u0432\u0456\u0442\u0438. <a class=\"mh-excerpt-more\" href=\"https:\/\/pedagogika-filozoficzna.eu\/?page_id=425\" title=\"Filosofija oswity &#8211; czasopismo z Ukrainy\">[&#8230;]<\/a><\/p>\n<\/div>","protected":false},"author":1,"featured_media":0,"parent":0,"menu_order":0,"comment_status":"closed","ping_status":"closed","template":"","meta":{"footnotes":""},"class_list":["post-425","page","type-page","status-publish","hentry"],"_links":{"self":[{"href":"https:\/\/pedagogika-filozoficzna.eu\/index.php?rest_route=\/wp\/v2\/pages\/425","targetHints":{"allow":["GET"]}}],"collection":[{"href":"https:\/\/pedagogika-filozoficzna.eu\/index.php?rest_route=\/wp\/v2\/pages"}],"about":[{"href":"https:\/\/pedagogika-filozoficzna.eu\/index.php?rest_route=\/wp\/v2\/types\/page"}],"author":[{"embeddable":true,"href":"https:\/\/pedagogika-filozoficzna.eu\/index.php?rest_route=\/wp\/v2\/users\/1"}],"replies":[{"embeddable":true,"href":"https:\/\/pedagogika-filozoficzna.eu\/index.php?rest_route=%2Fwp%2Fv2%2Fcomments&post=425"}],"version-history":[{"count":6,"href":"https:\/\/pedagogika-filozoficzna.eu\/index.php?rest_route=\/wp\/v2\/pages\/425\/revisions"}],"predecessor-version":[{"id":433,"href":"https:\/\/pedagogika-filozoficzna.eu\/index.php?rest_route=\/wp\/v2\/pages\/425\/revisions\/433"}],"wp:attachment":[{"href":"https:\/\/pedagogika-filozoficzna.eu\/index.php?rest_route=%2Fwp%2Fv2%2Fmedia&parent=425"}],"curies":[{"name":"wp","href":"https:\/\/api.w.org\/{rel}","templated":true}]}}