{"id":43,"date":"2017-02-17T11:13:09","date_gmt":"2017-02-17T10:13:09","guid":{"rendered":"http:\/\/pedagogika-filozoficzna.eu\/?page_id=43"},"modified":"2021-01-29T12:28:04","modified_gmt":"2021-01-29T11:28:04","slug":"kapitula-medalu-tpf","status":"publish","type":"page","link":"https:\/\/pedagogika-filozoficzna.eu\/?page_id=43","title":{"rendered":"Kapitu\u0142a Medalu TPF"},"content":{"rendered":"<p><a href=\"http:\/\/pedagogika-filozoficzna.eu\/?page_id=237\" target=\"_blank\" rel=\"noopener noreferrer\">Sk\u0142ad kapitu\u0142y<\/a><\/p>\n<p><a href=\"http:\/\/pedagogika-filozoficzna.eu\/?page_id=235\" target=\"_blank\" rel=\"noopener noreferrer\">Regulamin kapitu\u0142y<\/a><\/p>\n<p><a href=\"http:\/\/pedagogika-filozoficzna.eu\/?page_id=239\" target=\"_blank\" rel=\"noopener noreferrer\">Lista odznaczonych<\/a><\/p>\n","protected":false},"excerpt":{"rendered":"<div class=\"mh-excerpt\"><p>Sk\u0142ad kapitu\u0142y Regulamin kapitu\u0142y Lista odznaczonych<\/p>\n<\/div>","protected":false},"author":1,"featured_media":0,"parent":37,"menu_order":0,"comment_status":"closed","ping_status":"closed","template":"","meta":{"footnotes":""},"class_list":["post-43","page","type-page","status-publish","hentry"],"_links":{"self":[{"href":"https:\/\/pedagogika-filozoficzna.eu\/index.php?rest_route=\/wp\/v2\/pages\/43","targetHints":{"allow":["GET"]}}],"collection":[{"href":"https:\/\/pedagogika-filozoficzna.eu\/index.php?rest_route=\/wp\/v2\/pages"}],"about":[{"href":"https:\/\/pedagogika-filozoficzna.eu\/index.php?rest_route=\/wp\/v2\/types\/page"}],"author":[{"embeddable":true,"href":"https:\/\/pedagogika-filozoficzna.eu\/index.php?rest_route=\/wp\/v2\/users\/1"}],"replies":[{"embeddable":true,"href":"https:\/\/pedagogika-filozoficzna.eu\/index.php?rest_route=%2Fwp%2Fv2%2Fcomments&post=43"}],"version-history":[{"count":5,"href":"https:\/\/pedagogika-filozoficzna.eu\/index.php?rest_route=\/wp\/v2\/pages\/43\/revisions"}],"predecessor-version":[{"id":1568,"href":"https:\/\/pedagogika-filozoficzna.eu\/index.php?rest_route=\/wp\/v2\/pages\/43\/revisions\/1568"}],"up":[{"embeddable":true,"href":"https:\/\/pedagogika-filozoficzna.eu\/index.php?rest_route=\/wp\/v2\/pages\/37"}],"wp:attachment":[{"href":"https:\/\/pedagogika-filozoficzna.eu\/index.php?rest_route=%2Fwp%2Fv2%2Fmedia&parent=43"}],"curies":[{"name":"wp","href":"https:\/\/api.w.org\/{rel}","templated":true}]}}