{"id":45,"date":"2017-02-17T11:16:57","date_gmt":"2017-02-17T10:16:57","guid":{"rendered":"http:\/\/pedagogika-filozoficzna.eu\/?page_id=45"},"modified":"2024-01-08T12:25:00","modified_gmt":"2024-01-08T11:25:00","slug":"numer-konta","status":"publish","type":"page","link":"https:\/\/pedagogika-filozoficzna.eu\/?page_id=45","title":{"rendered":"Numer konta"},"content":{"rendered":"<p style=\"text-align: center;\"><strong>Numer konta<\/strong><\/p>\n<p style=\"text-align: center;\">Towarzystwo Pedagogiki Filozoficznej im. Bronis\u0142awa Ferdynanda Trentowskiego<\/p>\n<h2 style=\"text-align: center;\"><strong>BG<\/strong><strong>\u017b<\/strong> <strong>88 2030 0045 1110 0000 0407 7080<\/strong><\/h2>\n<p style=\"text-align: center;\">Roczna sk\u0142adka cz\u0142onkowska<\/p>\n<h3 style=\"text-align: center;\">od <span style=\"color: #ff0000;\"><strong>01.01.2024 r.<\/strong><\/span> wynosi<span style=\"color: #ff0000;\"><strong> 150 z\u0142<\/strong><\/span><\/h3>\n","protected":false},"excerpt":{"rendered":"<div class=\"mh-excerpt\"><p>Numer konta Towarzystwo Pedagogiki Filozoficznej im. Bronis\u0142awa Ferdynanda Trentowskiego BG\u017b 88 2030 0045 1110 0000 0407 7080 Roczna sk\u0142adka cz\u0142onkowska <a class=\"mh-excerpt-more\" href=\"https:\/\/pedagogika-filozoficzna.eu\/?page_id=45\" title=\"Numer konta\">[&#8230;]<\/a><\/p>\n<\/div>","protected":false},"author":1,"featured_media":0,"parent":37,"menu_order":0,"comment_status":"closed","ping_status":"closed","template":"","meta":{"footnotes":""},"class_list":["post-45","page","type-page","status-publish","hentry"],"_links":{"self":[{"href":"https:\/\/pedagogika-filozoficzna.eu\/index.php?rest_route=\/wp\/v2\/pages\/45","targetHints":{"allow":["GET"]}}],"collection":[{"href":"https:\/\/pedagogika-filozoficzna.eu\/index.php?rest_route=\/wp\/v2\/pages"}],"about":[{"href":"https:\/\/pedagogika-filozoficzna.eu\/index.php?rest_route=\/wp\/v2\/types\/page"}],"author":[{"embeddable":true,"href":"https:\/\/pedagogika-filozoficzna.eu\/index.php?rest_route=\/wp\/v2\/users\/1"}],"replies":[{"embeddable":true,"href":"https:\/\/pedagogika-filozoficzna.eu\/index.php?rest_route=%2Fwp%2Fv2%2Fcomments&post=45"}],"version-history":[{"count":4,"href":"https:\/\/pedagogika-filozoficzna.eu\/index.php?rest_route=\/wp\/v2\/pages\/45\/revisions"}],"predecessor-version":[{"id":1694,"href":"https:\/\/pedagogika-filozoficzna.eu\/index.php?rest_route=\/wp\/v2\/pages\/45\/revisions\/1694"}],"up":[{"embeddable":true,"href":"https:\/\/pedagogika-filozoficzna.eu\/index.php?rest_route=\/wp\/v2\/pages\/37"}],"wp:attachment":[{"href":"https:\/\/pedagogika-filozoficzna.eu\/index.php?rest_route=%2Fwp%2Fv2%2Fmedia&parent=45"}],"curies":[{"name":"wp","href":"https:\/\/api.w.org\/{rel}","templated":true}]}}