{"id":770,"date":"2017-04-27T13:23:49","date_gmt":"2017-04-27T11:23:49","guid":{"rendered":"http:\/\/pedagogika-filozoficzna.eu\/?page_id=770"},"modified":"2017-05-22T12:13:51","modified_gmt":"2017-05-22T10:13:51","slug":"hasla-na-litere-z-3","status":"publish","type":"page","link":"https:\/\/pedagogika-filozoficzna.eu\/?page_id=770","title":{"rendered":"Has\u0142a na liter\u0119 &#8211; \u017b"},"content":{"rendered":"<p><img loading=\"lazy\" decoding=\"async\" class=\"size-full wp-image-689 alignleft\" src=\"http:\/\/pedagogika-filozoficzna.eu\/wp-content\/uploads\/2017\/04\/alfabet-brazowy-z-zygzakami-metallic-gold_\u017b-e1493030423717.png\" alt=\"\" width=\"120\" height=\"120\" \/><\/p>\n<p>&nbsp;<\/p>\n<p>&nbsp;<\/p>\n<p>&nbsp;<\/p>\n<p>&nbsp;<\/p>\n<ol>\n<li><a href=\"http:\/\/pedagogika-filozoficzna.eu\/?page_id=947\" target=\"_blank\" rel=\"noopener noreferrer\">Bibliografia autor\u00f3w<\/a><\/li>\n<\/ol>\n","protected":false},"excerpt":{"rendered":"<div class=\"mh-excerpt\"><p>&nbsp; &nbsp; &nbsp; &nbsp; Bibliografia autor\u00f3w<\/p>\n<\/div>","protected":false},"author":1,"featured_media":0,"parent":232,"menu_order":0,"comment_status":"closed","ping_status":"closed","template":"","meta":{"footnotes":""},"class_list":["post-770","page","type-page","status-publish","hentry"],"_links":{"self":[{"href":"https:\/\/pedagogika-filozoficzna.eu\/index.php?rest_route=\/wp\/v2\/pages\/770","targetHints":{"allow":["GET"]}}],"collection":[{"href":"https:\/\/pedagogika-filozoficzna.eu\/index.php?rest_route=\/wp\/v2\/pages"}],"about":[{"href":"https:\/\/pedagogika-filozoficzna.eu\/index.php?rest_route=\/wp\/v2\/types\/page"}],"author":[{"embeddable":true,"href":"https:\/\/pedagogika-filozoficzna.eu\/index.php?rest_route=\/wp\/v2\/users\/1"}],"replies":[{"embeddable":true,"href":"https:\/\/pedagogika-filozoficzna.eu\/index.php?rest_route=%2Fwp%2Fv2%2Fcomments&post=770"}],"version-history":[{"count":2,"href":"https:\/\/pedagogika-filozoficzna.eu\/index.php?rest_route=\/wp\/v2\/pages\/770\/revisions"}],"predecessor-version":[{"id":976,"href":"https:\/\/pedagogika-filozoficzna.eu\/index.php?rest_route=\/wp\/v2\/pages\/770\/revisions\/976"}],"up":[{"embeddable":true,"href":"https:\/\/pedagogika-filozoficzna.eu\/index.php?rest_route=\/wp\/v2\/pages\/232"}],"wp:attachment":[{"href":"https:\/\/pedagogika-filozoficzna.eu\/index.php?rest_route=%2Fwp%2Fv2%2Fmedia&parent=770"}],"curies":[{"name":"wp","href":"https:\/\/api.w.org\/{rel}","templated":true}]}}