{"id":776,"date":"2017-04-28T21:45:46","date_gmt":"2017-04-28T19:45:46","guid":{"rendered":"http:\/\/pedagogika-filozoficzna.eu\/?page_id=776"},"modified":"2017-05-15T08:29:40","modified_gmt":"2017-05-15T06:29:40","slug":"test-linkow","status":"publish","type":"page","link":"https:\/\/pedagogika-filozoficzna.eu\/?page_id=776","title":{"rendered":"Opis EEPF"},"content":{"rendered":"<p><strong><img loading=\"lazy\" decoding=\"async\" class=\"wp-image-648 aligncenter\" src=\"http:\/\/pedagogika-filozoficzna.eu\/wp-content\/uploads\/2017\/02\/EEPF-metallic-gold-01-300x37.png\" alt=\"\" width=\"795\" height=\"98\" srcset=\"https:\/\/pedagogika-filozoficzna.eu\/wp-content\/uploads\/2017\/02\/EEPF-metallic-gold-01-300x37.png 300w, https:\/\/pedagogika-filozoficzna.eu\/wp-content\/uploads\/2017\/02\/EEPF-metallic-gold-01-768x94.png 768w, https:\/\/pedagogika-filozoficzna.eu\/wp-content\/uploads\/2017\/02\/EEPF-metallic-gold-01-1024x125.png 1024w\" sizes=\"auto, (max-width: 795px) 100vw, 795px\" \/><\/strong><\/p>\n<p>Towarzystwo Pedagogiki Filozoficznej podejmuje now\u0105 i niezwykle potrzebn\u0105 inicjatyw\u0119 zmierzaj\u0105c\u0105 do wyodr\u0119bnienia i autorskiego skomentowania poj\u0119\u0107 istotnych dla rozumienia i uprawiania pedagogiki filozoficznej. Powo\u0142ujemy w ramach wortalu d\u0142ugo oczekiwan\u0105 Elektroniczn\u0105 Encyklopedi\u0119 Pedagogiki Filozoficznej EEPF. Has\u0142a tu zamieszczane b\u0119d\u0105 mia\u0142y charakter autorski prezentuj\u0105c indywidualne stanowisko ich autor\u00f3w. Encyklopedia ma w pe\u0142ni elektroniczny charakter w zwi\u0105zku z tym tw\u00f3rc\u00f3w nie b\u0119dzie obowi\u0105zywa\u0142a kolejno\u015b\u0107 alfabetyczna przy konstruowaniu hase\u0142. Wszystkie has\u0142a b\u0119d\u0105 dost\u0119pne zgodnie ze standardem Open Access, a si\u0119gaj\u0105cy do nich autorzy s\u0105 obligowani do podania pe\u0142nego opisu bibliograficznego \u017ar\u00f3d\u0142a, z kt\u00f3rego korzystaj\u0105. Has\u0142a b\u0119d\u0105 publikowane w j\u0119zyku polskim w formacie PDF. Zapraszamy do wsp\u00f3\u0142pracy wszystkie osoby, kt\u00f3rych badania naukowe i publikacje oscyluj\u0105 wok\u00f3\u0142 filozoficznych problem\u00f3w pedagogiki.\u00a0Obok hase\u0142 prezentuj\u0105cych konkretne zagadnienia lub poj\u0119cia w Encyklopedii\u00a0b\u0119d\u0105 umieszczane r\u00f3wnie\u017c biodoksografie filozof\u00f3w wychowania oraz naukowe\u00a0autobiografie cz\u0142onk\u00f3w Towarzystwa.\u00a0Ka\u017cde has\u0142o b\u0119dzie podlega\u0142o przed publikacj\u0105 recenzji, co zagwarantuje nam utrzymanie formalnej jednolito\u015bci ca\u0142ej Encyklopedii oraz zapewni ich wysoki poziomy merytoryczny. Jednocze\u015bnie z Encyklopedi\u0105 i w jej ramach b\u0119dzie systematycznie tworzona bibliografia pedagogiki filozoficznej. Koordynatorem merytorycznym EEPF jest Rada Naukowa. Na jej przewodnicz\u0105cego, decyzj\u0105 Prezesa TPF, zosta\u0142 powo\u0142any dr hab. Miko\u0142aj Krasnod\u0119bski.<\/p>\n<p><strong>Autor\u00f3w hase\u0142 prosimy o respektowanie kilku podstawowych zasad:<\/strong><\/p>\n<p>Has\u0142o rozpoczynamy podaniem jego nazwy w mo\u017cliwie kr\u00f3tkiej postaci;<\/p>\n<p>Narracj\u0119 zapisujemy w formacie DOC lub DOCX;<\/p>\n<p>Do tekstu do\u0142\u0105czamy przypisy dolne;<\/p>\n<p>Tekst mo\u017ce by\u0107 wzbogacony fotografiami z w\u0142asnych zbior\u00f3w, grafik\u0105 itp. w formacie JPG<\/p>\n<p>Has\u0142o ko\u0144czymy podaniem bibliografii ze wskazaniem najbardziej adekwatnej literatury w\u00a0wyborze (5-10 pozycji);<\/p>\n<p>Has\u0142o podpisujemy tytu\u0142em naukowym, imieniem i nazwiskiem oraz afiliacj\u0105 uczelni lub towarzystwa naukowego, z kt\u00f3rym jeste\u015bmy zwi\u0105zani;<\/p>\n<p>Obj\u0119to\u015b\u0107 tekstu nie powinna przekracza\u0107 20 000 znak\u00f3w .<\/p>\n<p>Has\u0142a nale\u017c przesy\u0142a\u0107 na adres <a href=\"mailto:pedagogika.filozoficzna@gmail.com\">pedagogika.filozoficzna@gmail.com<\/a><\/p>\n<p>&nbsp;<\/p>\n<p style=\"text-align: right;\">Z nadziej\u0105 na dobr\u0105 wsp\u00f3\u0142prac\u0119<\/p>\n<p style=\"text-align: right;\">S\u0142awomir Sztobryn<\/p>\n<p style=\"text-align: right;\">prezes TPF<\/p>\n<p style=\"text-align: right;\">28.04.2017 r.<\/p>\n<hr \/>\n<p style=\"text-align: left;\">Has\u0142a dost\u0119pne s\u0105 pod zak\u0142adk\u0105 <a href=\"http:\/\/pedagogika-filozoficzna.eu\/?page_id=232\">Has\u0142a EEPF<\/a><\/p>\n","protected":false},"excerpt":{"rendered":"<div class=\"mh-excerpt\"><p>Towarzystwo Pedagogiki Filozoficznej podejmuje now\u0105 i niezwykle potrzebn\u0105 inicjatyw\u0119 zmierzaj\u0105c\u0105 do wyodr\u0119bnienia i autorskiego skomentowania poj\u0119\u0107 istotnych dla rozumienia i <a class=\"mh-excerpt-more\" href=\"https:\/\/pedagogika-filozoficzna.eu\/?page_id=776\" title=\"Opis EEPF\">[&#8230;]<\/a><\/p>\n<\/div>","protected":false},"author":1,"featured_media":0,"parent":786,"menu_order":0,"comment_status":"closed","ping_status":"closed","template":"","meta":{"footnotes":""},"class_list":["post-776","page","type-page","status-publish","hentry"],"_links":{"self":[{"href":"https:\/\/pedagogika-filozoficzna.eu\/index.php?rest_route=\/wp\/v2\/pages\/776","targetHints":{"allow":["GET"]}}],"collection":[{"href":"https:\/\/pedagogika-filozoficzna.eu\/index.php?rest_route=\/wp\/v2\/pages"}],"about":[{"href":"https:\/\/pedagogika-filozoficzna.eu\/index.php?rest_route=\/wp\/v2\/types\/page"}],"author":[{"embeddable":true,"href":"https:\/\/pedagogika-filozoficzna.eu\/index.php?rest_route=\/wp\/v2\/users\/1"}],"replies":[{"embeddable":true,"href":"https:\/\/pedagogika-filozoficzna.eu\/index.php?rest_route=%2Fwp%2Fv2%2Fcomments&post=776"}],"version-history":[{"count":11,"href":"https:\/\/pedagogika-filozoficzna.eu\/index.php?rest_route=\/wp\/v2\/pages\/776\/revisions"}],"predecessor-version":[{"id":869,"href":"https:\/\/pedagogika-filozoficzna.eu\/index.php?rest_route=\/wp\/v2\/pages\/776\/revisions\/869"}],"up":[{"embeddable":true,"href":"https:\/\/pedagogika-filozoficzna.eu\/index.php?rest_route=\/wp\/v2\/pages\/786"}],"wp:attachment":[{"href":"https:\/\/pedagogika-filozoficzna.eu\/index.php?rest_route=%2Fwp%2Fv2%2Fmedia&parent=776"}],"curies":[{"name":"wp","href":"https:\/\/api.w.org\/{rel}","templated":true}]}}