{"id":786,"date":"2017-04-30T12:08:27","date_gmt":"2017-04-30T10:08:27","guid":{"rendered":"http:\/\/pedagogika-filozoficzna.eu\/?page_id=786"},"modified":"2017-04-30T16:22:48","modified_gmt":"2017-04-30T14:22:48","slug":"eepf","status":"publish","type":"page","link":"https:\/\/pedagogika-filozoficzna.eu\/?page_id=786","title":{"rendered":"EEPF"},"content":{"rendered":"<p><a href=\"http:\/\/pedagogika-filozoficzna.eu\/?page_id=232\"><img loading=\"lazy\" decoding=\"async\" class=\" wp-image-648 aligncenter\" src=\"http:\/\/pedagogika-filozoficzna.eu\/wp-content\/uploads\/2017\/02\/EEPF-metallic-gold-01-300x37.png\" alt=\"\" width=\"932\" height=\"115\" srcset=\"https:\/\/pedagogika-filozoficzna.eu\/wp-content\/uploads\/2017\/02\/EEPF-metallic-gold-01-300x37.png 300w, https:\/\/pedagogika-filozoficzna.eu\/wp-content\/uploads\/2017\/02\/EEPF-metallic-gold-01-768x94.png 768w, https:\/\/pedagogika-filozoficzna.eu\/wp-content\/uploads\/2017\/02\/EEPF-metallic-gold-01-1024x125.png 1024w\" sizes=\"auto, (max-width: 932px) 100vw, 932px\" \/><\/a>Kliknij powy\u017cszy napis by przej\u015b\u0107 do hase\u0142.<\/p>\n","protected":false},"excerpt":{"rendered":"<div class=\"mh-excerpt\"><p>Kliknij powy\u017cszy napis by przej\u015b\u0107 do hase\u0142.<\/p>\n<\/div>","protected":false},"author":1,"featured_media":0,"parent":0,"menu_order":0,"comment_status":"closed","ping_status":"closed","template":"","meta":{"footnotes":""},"class_list":["post-786","page","type-page","status-publish","hentry"],"_links":{"self":[{"href":"https:\/\/pedagogika-filozoficzna.eu\/index.php?rest_route=\/wp\/v2\/pages\/786","targetHints":{"allow":["GET"]}}],"collection":[{"href":"https:\/\/pedagogika-filozoficzna.eu\/index.php?rest_route=\/wp\/v2\/pages"}],"about":[{"href":"https:\/\/pedagogika-filozoficzna.eu\/index.php?rest_route=\/wp\/v2\/types\/page"}],"author":[{"embeddable":true,"href":"https:\/\/pedagogika-filozoficzna.eu\/index.php?rest_route=\/wp\/v2\/users\/1"}],"replies":[{"embeddable":true,"href":"https:\/\/pedagogika-filozoficzna.eu\/index.php?rest_route=%2Fwp%2Fv2%2Fcomments&post=786"}],"version-history":[{"count":2,"href":"https:\/\/pedagogika-filozoficzna.eu\/index.php?rest_route=\/wp\/v2\/pages\/786\/revisions"}],"predecessor-version":[{"id":811,"href":"https:\/\/pedagogika-filozoficzna.eu\/index.php?rest_route=\/wp\/v2\/pages\/786\/revisions\/811"}],"wp:attachment":[{"href":"https:\/\/pedagogika-filozoficzna.eu\/index.php?rest_route=%2Fwp%2Fv2%2Fmedia&parent=786"}],"curies":[{"name":"wp","href":"https:\/\/api.w.org\/{rel}","templated":true}]}}