{"id":788,"date":"2017-04-30T12:12:09","date_gmt":"2017-04-30T10:12:09","guid":{"rendered":"http:\/\/pedagogika-filozoficzna.eu\/?page_id=788"},"modified":"2017-04-30T16:12:50","modified_gmt":"2017-04-30T14:12:50","slug":"rada-naukowa-eepf","status":"publish","type":"page","link":"https:\/\/pedagogika-filozoficzna.eu\/?page_id=788","title":{"rendered":"Rada Naukowa EEPF"},"content":{"rendered":"<p><img loading=\"lazy\" decoding=\"async\" class=\"wp-image-648 aligncenter\" src=\"http:\/\/pedagogika-filozoficzna.eu\/wp-content\/uploads\/2017\/02\/EEPF-metallic-gold-01-300x37.png\" alt=\"\" width=\"803\" height=\"99\" srcset=\"https:\/\/pedagogika-filozoficzna.eu\/wp-content\/uploads\/2017\/02\/EEPF-metallic-gold-01-300x37.png 300w, https:\/\/pedagogika-filozoficzna.eu\/wp-content\/uploads\/2017\/02\/EEPF-metallic-gold-01-768x94.png 768w, https:\/\/pedagogika-filozoficzna.eu\/wp-content\/uploads\/2017\/02\/EEPF-metallic-gold-01-1024x125.png 1024w\" sizes=\"auto, (max-width: 803px) 100vw, 803px\" \/><\/p>\n<p>Do koordynacji dzia\u0142a\u0144 Elektronicznej Encyklopedii Pedagogiki Filozoficznej zosta\u0142a powo\u0142ana Rada Naukowa w sk\u0142adzie:<\/p>\n<p style=\"padding-left: 90px;\">prof. nadzw. dr hab. Ewa Starzy\u0144ska-Ko\u015bciuszko<\/p>\n<p style=\"padding-left: 90px;\">prof. nadzw. dr hab. Alicja \u017bywczok<\/p>\n<p style=\"padding-left: 90px;\">dr hab. Miko\u0142aj Krasnod\u0119bski &#8211; <strong>przewodnicz\u0105cy Rady Naukowej EEPF<\/strong><\/p>\n<p style=\"padding-left: 90px;\">prof. nadzw. dr hab. Rafa\u0142 M. Leszczy\u0144ski<\/p>\n<p style=\"padding-left: 90px;\">dr Rafa\u0142 W\u0142odarczyk<\/p>\n<p style=\"padding-left: 90px;\">prof. nadzw. dr hab. S\u0142awomir Sztobryn.<\/p>\n","protected":false},"excerpt":{"rendered":"<div class=\"mh-excerpt\"><p>Do koordynacji dzia\u0142a\u0144 Elektronicznej Encyklopedii Pedagogiki Filozoficznej zosta\u0142a powo\u0142ana Rada Naukowa w sk\u0142adzie: prof. nadzw. dr hab. Ewa Starzy\u0144ska-Ko\u015bciuszko prof. <a class=\"mh-excerpt-more\" href=\"https:\/\/pedagogika-filozoficzna.eu\/?page_id=788\" title=\"Rada Naukowa EEPF\">[&#8230;]<\/a><\/p>\n<\/div>","protected":false},"author":1,"featured_media":0,"parent":786,"menu_order":0,"comment_status":"closed","ping_status":"closed","template":"","meta":{"footnotes":""},"class_list":["post-788","page","type-page","status-publish","hentry"],"_links":{"self":[{"href":"https:\/\/pedagogika-filozoficzna.eu\/index.php?rest_route=\/wp\/v2\/pages\/788","targetHints":{"allow":["GET"]}}],"collection":[{"href":"https:\/\/pedagogika-filozoficzna.eu\/index.php?rest_route=\/wp\/v2\/pages"}],"about":[{"href":"https:\/\/pedagogika-filozoficzna.eu\/index.php?rest_route=\/wp\/v2\/types\/page"}],"author":[{"embeddable":true,"href":"https:\/\/pedagogika-filozoficzna.eu\/index.php?rest_route=\/wp\/v2\/users\/1"}],"replies":[{"embeddable":true,"href":"https:\/\/pedagogika-filozoficzna.eu\/index.php?rest_route=%2Fwp%2Fv2%2Fcomments&post=788"}],"version-history":[{"count":4,"href":"https:\/\/pedagogika-filozoficzna.eu\/index.php?rest_route=\/wp\/v2\/pages\/788\/revisions"}],"predecessor-version":[{"id":810,"href":"https:\/\/pedagogika-filozoficzna.eu\/index.php?rest_route=\/wp\/v2\/pages\/788\/revisions\/810"}],"up":[{"embeddable":true,"href":"https:\/\/pedagogika-filozoficzna.eu\/index.php?rest_route=\/wp\/v2\/pages\/786"}],"wp:attachment":[{"href":"https:\/\/pedagogika-filozoficzna.eu\/index.php?rest_route=%2Fwp%2Fv2%2Fmedia&parent=788"}],"curies":[{"name":"wp","href":"https:\/\/api.w.org\/{rel}","templated":true}]}}