{"id":792,"date":"2017-04-30T12:19:11","date_gmt":"2017-04-30T10:19:11","guid":{"rendered":"http:\/\/pedagogika-filozoficzna.eu\/?page_id=792"},"modified":"2017-04-30T16:10:45","modified_gmt":"2017-04-30T14:10:45","slug":"formularz-recenzji","status":"publish","type":"page","link":"https:\/\/pedagogika-filozoficzna.eu\/?page_id=792","title":{"rendered":"Formularz recenzji has\u0142a w EEPF"},"content":{"rendered":"<p><img loading=\"lazy\" decoding=\"async\" class=\"wp-image-648 aligncenter\" src=\"http:\/\/pedagogika-filozoficzna.eu\/wp-content\/uploads\/2017\/02\/EEPF-metallic-gold-01-300x37.png\" alt=\"\" width=\"795\" height=\"98\" srcset=\"https:\/\/pedagogika-filozoficzna.eu\/wp-content\/uploads\/2017\/02\/EEPF-metallic-gold-01-300x37.png 300w, https:\/\/pedagogika-filozoficzna.eu\/wp-content\/uploads\/2017\/02\/EEPF-metallic-gold-01-768x94.png 768w, https:\/\/pedagogika-filozoficzna.eu\/wp-content\/uploads\/2017\/02\/EEPF-metallic-gold-01-1024x125.png 1024w\" sizes=\"auto, (max-width: 795px) 100vw, 795px\" \/><\/p>\n<p>Formularz nale\u017cy pobra\u0107 klikaj\u0105c link &gt;&gt;\u00a0<a href=\"http:\/\/pedagogika-filozoficzna.eu\/wp-content\/uploads\/2017\/04\/Formularz-recenzji-hasla-w-Elektronicznej-Encyklopedii.docx\">FORMULARZ<\/a> &lt;&lt;<\/p>\n<p>Wype\u0142niony formularz prosz\u0119 przesya\u0142\u0107 na adres <a href=\"mailto:pedagogika.filozoficzna@gmail.com\">pedagogika.filozoficzna@gmail.com<\/a><\/p>\n","protected":false},"excerpt":{"rendered":"<div class=\"mh-excerpt\"><p>Formularz nale\u017cy pobra\u0107 klikaj\u0105c link &gt;&gt;\u00a0FORMULARZ &lt;&lt; Wype\u0142niony formularz prosz\u0119 przesya\u0142\u0107 na adres pedagogika.filozoficzna@gmail.com<\/p>\n<\/div>","protected":false},"author":1,"featured_media":0,"parent":786,"menu_order":0,"comment_status":"closed","ping_status":"closed","template":"","meta":{"footnotes":""},"class_list":["post-792","page","type-page","status-publish","hentry"],"_links":{"self":[{"href":"https:\/\/pedagogika-filozoficzna.eu\/index.php?rest_route=\/wp\/v2\/pages\/792","targetHints":{"allow":["GET"]}}],"collection":[{"href":"https:\/\/pedagogika-filozoficzna.eu\/index.php?rest_route=\/wp\/v2\/pages"}],"about":[{"href":"https:\/\/pedagogika-filozoficzna.eu\/index.php?rest_route=\/wp\/v2\/types\/page"}],"author":[{"embeddable":true,"href":"https:\/\/pedagogika-filozoficzna.eu\/index.php?rest_route=\/wp\/v2\/users\/1"}],"replies":[{"embeddable":true,"href":"https:\/\/pedagogika-filozoficzna.eu\/index.php?rest_route=%2Fwp%2Fv2%2Fcomments&post=792"}],"version-history":[{"count":5,"href":"https:\/\/pedagogika-filozoficzna.eu\/index.php?rest_route=\/wp\/v2\/pages\/792\/revisions"}],"predecessor-version":[{"id":808,"href":"https:\/\/pedagogika-filozoficzna.eu\/index.php?rest_route=\/wp\/v2\/pages\/792\/revisions\/808"}],"up":[{"embeddable":true,"href":"https:\/\/pedagogika-filozoficzna.eu\/index.php?rest_route=\/wp\/v2\/pages\/786"}],"wp:attachment":[{"href":"https:\/\/pedagogika-filozoficzna.eu\/index.php?rest_route=%2Fwp%2Fv2%2Fmedia&parent=792"}],"curies":[{"name":"wp","href":"https:\/\/api.w.org\/{rel}","templated":true}]}}