{"id":878,"date":"2017-05-16T14:53:11","date_gmt":"2017-05-16T12:53:11","guid":{"rendered":"http:\/\/pedagogika-filozoficzna.eu\/?page_id=878"},"modified":"2017-05-22T13:20:16","modified_gmt":"2017-05-22T11:20:16","slug":"formularz-do-przeslania-bibliografii","status":"publish","type":"page","link":"https:\/\/pedagogika-filozoficzna.eu\/?page_id=878","title":{"rendered":"Formularz Bibliografii"},"content":{"rendered":"<p>Prosz\u0119 wype\u0142ni\u0107 poni\u017cszy formularz zgodnie z opisami.<\/p>\n\n<div class=\"wpcf7 no-js\" id=\"wpcf7-f857-o1\" lang=\"pl-PL\" dir=\"ltr\" data-wpcf7-id=\"857\">\n<div class=\"screen-reader-response\"><p role=\"status\" aria-live=\"polite\" aria-atomic=\"true\"><\/p> <ul><\/ul><\/div>\n<form action=\"\/index.php?rest_route=%2Fwp%2Fv2%2Fpages%2F878#wpcf7-f857-o1\" method=\"post\" class=\"wpcf7-form init\" aria-label=\"Formularz kontaktowy\" novalidate=\"novalidate\" data-status=\"init\">\n<fieldset class=\"hidden-fields-container\"><input type=\"hidden\" name=\"_wpcf7\" value=\"857\" \/><input type=\"hidden\" name=\"_wpcf7_version\" value=\"6.1.4\" \/><input type=\"hidden\" name=\"_wpcf7_locale\" value=\"pl_PL\" \/><input type=\"hidden\" name=\"_wpcf7_unit_tag\" value=\"wpcf7-f857-o1\" \/><input type=\"hidden\" name=\"_wpcf7_container_post\" value=\"0\" \/><input type=\"hidden\" name=\"_wpcf7_posted_data_hash\" value=\"\" \/>\n<\/fieldset>\n<p><label> Imi\u0119 i nazwisko (niewymagane)<br \/>\n<span class=\"wpcf7-form-control-wrap\" data-name=\"your-name\"><input size=\"40\" maxlength=\"400\" class=\"wpcf7-form-control wpcf7-text wpcf7-validates-as-required\" aria-required=\"true\" aria-invalid=\"false\" value=\"\" type=\"text\" name=\"your-name\" \/><\/span> <\/label>\n<\/p>\n<p><label> Adres email (wymagane)<br \/>\n<span class=\"wpcf7-form-control-wrap\" data-name=\"your-email\"><input size=\"40\" maxlength=\"400\" class=\"wpcf7-form-control wpcf7-email wpcf7-validates-as-required wpcf7-text wpcf7-validates-as-email\" aria-required=\"true\" aria-invalid=\"false\" value=\"\" type=\"email\" name=\"your-email\" \/><\/span> <\/label>\n<\/p>\n<p><label> Temat (prosz\u0119 wpisa\u0107 s\u0142owo: Bibliografia)<br \/>\n<span class=\"wpcf7-form-control-wrap\" data-name=\"your-subject\"><input size=\"40\" maxlength=\"400\" class=\"wpcf7-form-control wpcf7-text\" aria-invalid=\"false\" value=\"\" type=\"text\" name=\"your-subject\" \/><\/span> <\/label>\n<\/p>\n<p>----------------------------------------------------<br \/>\nPONI\u017bEJ DANE DO BIBLIOGRAFII<br \/>\n----------------------------------------------------\n<\/p>\n<p><label> Autor (Nazwisko i imi\u0119 - wymagane)<br \/>\n<span class=\"wpcf7-form-control-wrap\" data-name=\"Autor\"><input size=\"40\" maxlength=\"400\" class=\"wpcf7-form-control wpcf7-text wpcf7-validates-as-required\" aria-required=\"true\" aria-invalid=\"false\" value=\"\" type=\"text\" name=\"Autor\" \/><\/span> <\/label>\n<\/p>\n<p><label> Tytu\u0142 dzie\u0142a (wymagane)<br \/>\n<span class=\"wpcf7-form-control-wrap\" data-name=\"Tytul\"><input size=\"40\" maxlength=\"400\" class=\"wpcf7-form-control wpcf7-text wpcf7-validates-as-required\" aria-required=\"true\" aria-invalid=\"false\" value=\"\" type=\"text\" name=\"Tytul\" \/><\/span> <\/label>\n<\/p>\n<p><label> Miejsce wydania (wymagane)<br \/>\n- je\u015bli pozycja zwarta lub artyku\u0142 w pozycji zwartej - miasto<br \/>\n- je\u015bli czasopismo - pe\u0142na nazwa czasopisma, nr, strony a-z<br \/>\n- je\u015bli czasopismo elektroniczne - dok\u0142adny link<br \/>\n<span class=\"wpcf7-form-control-wrap\" data-name=\"Miejsce\"><input size=\"40\" maxlength=\"400\" class=\"wpcf7-form-control wpcf7-text wpcf7-validates-as-required\" aria-required=\"true\" aria-invalid=\"false\" value=\"\" type=\"text\" name=\"Miejsce\" \/><\/span> <\/label>\n<\/p>\n<p><label>Rok wydania (wymagane)<br \/>\n<span class=\"wpcf7-form-control-wrap\" data-name=\"Rok\"><input size=\"40\" maxlength=\"400\" class=\"wpcf7-form-control wpcf7-text wpcf7-validates-as-required\" aria-required=\"true\" aria-invalid=\"false\" value=\"\" type=\"text\" name=\"Rok\" \/><\/span><\/label>\n<\/p>\n<p><label> S\u0142owa kluczowe (max. 3 - wymagane)<br \/>\n<span class=\"wpcf7-form-control-wrap\" data-name=\"Slowa\"><input size=\"40\" maxlength=\"400\" class=\"wpcf7-form-control wpcf7-text wpcf7-validates-as-required\" aria-required=\"true\" aria-invalid=\"false\" value=\"\" type=\"text\" name=\"Slowa\" \/><\/span> <\/label>\n<\/p>\n<p>---------------------------------------------------<br \/>\nSprawdzenie czy nie jeste\u015b robotem - podaj odpowied\u017a na pytanie poni\u017cej (wymagane).\n<\/p>\n<p><span class=\"wpcf7-form-control-wrap\" data-name=\"quiz-97\"><label><span class=\"wpcf7-quiz-label\">Ile masz r\u0105k?<\/span> <input size=\"40\" class=\"wpcf7-form-control wpcf7-quiz\" autocomplete=\"off\" aria-required=\"true\" aria-invalid=\"false\" type=\"text\" name=\"quiz-97\" \/><\/label><input type=\"hidden\" name=\"_wpcf7_quiz_answer_quiz-97\" value=\"67a87b5b0382202b1518a5196be6e19f\" \/><\/span>\n<\/p>\n<p><input class=\"wpcf7-form-control wpcf7-submit has-spinner\" type=\"submit\" value=\"Wy\u015blij\" \/>\n<\/p><div class=\"wpcf7-response-output\" aria-hidden=\"true\"><\/div>\n<\/form>\n<\/div>\n\n","protected":false},"excerpt":{"rendered":"<div class=\"mh-excerpt\"><p>Prosz\u0119 wype\u0142ni\u0107 poni\u017cszy formularz zgodnie z opisami.<\/p>\n<\/div>","protected":false},"author":1,"featured_media":0,"parent":0,"menu_order":0,"comment_status":"closed","ping_status":"closed","template":"","meta":{"footnotes":""},"class_list":["post-878","page","type-page","status-publish","hentry"],"_links":{"self":[{"href":"https:\/\/pedagogika-filozoficzna.eu\/index.php?rest_route=\/wp\/v2\/pages\/878","targetHints":{"allow":["GET"]}}],"collection":[{"href":"https:\/\/pedagogika-filozoficzna.eu\/index.php?rest_route=\/wp\/v2\/pages"}],"about":[{"href":"https:\/\/pedagogika-filozoficzna.eu\/index.php?rest_route=\/wp\/v2\/types\/page"}],"author":[{"embeddable":true,"href":"https:\/\/pedagogika-filozoficzna.eu\/index.php?rest_route=\/wp\/v2\/users\/1"}],"replies":[{"embeddable":true,"href":"https:\/\/pedagogika-filozoficzna.eu\/index.php?rest_route=%2Fwp%2Fv2%2Fcomments&post=878"}],"version-history":[{"count":2,"href":"https:\/\/pedagogika-filozoficzna.eu\/index.php?rest_route=\/wp\/v2\/pages\/878\/revisions"}],"predecessor-version":[{"id":978,"href":"https:\/\/pedagogika-filozoficzna.eu\/index.php?rest_route=\/wp\/v2\/pages\/878\/revisions\/978"}],"wp:attachment":[{"href":"https:\/\/pedagogika-filozoficzna.eu\/index.php?rest_route=%2Fwp%2Fv2%2Fmedia&parent=878"}],"curies":[{"name":"wp","href":"https:\/\/api.w.org\/{rel}","templated":true}]}}